{"id":3510,"date":"2021-06-28T20:38:35","date_gmt":"2021-06-28T20:38:35","guid":{"rendered":"https:\/\/micdrop.qodeinteractive.com\/?page_id=3510"},"modified":"2024-04-11T13:38:05","modified_gmt":"2024-04-11T11:38:05","slug":"ndoho-ange","status":"publish","type":"page","link":"https:\/\/underground.bzh\/index.php\/ndoho-ange\/","title":{"rendered":"Ndoho Ange"},"content":{"rendered":"\t\t<div data-elementor-type=\"wp-page\" data-elementor-id=\"3510\" class=\"elementor elementor-3510\">\n\t\t\t\t\t\t<section class=\"elementor-section elementor-top-section elementor-element elementor-element-af84573 elementor-section-full_width elementor-section-height-default elementor-section-height-default qodef-elementor-content-no\" data-id=\"af84573\" data-element_type=\"section\" data-e-type=\"section\">\n\t\t\t\t\t\t<div class=\"elementor-container elementor-column-gap-default\">\n\t\t\t\t\t<div class=\"elementor-column elementor-col-100 elementor-top-column elementor-element elementor-element-ba3f1dc\" data-id=\"ba3f1dc\" data-element_type=\"column\" data-e-type=\"column\">\n\t\t\t<div class=\"elementor-widget-wrap elementor-element-populated\">\n\t\t\t\t\t\t<div class=\"elementor-element elementor-element-f747436 elementor-widget elementor-widget-micdrop_core_section_title\" data-id=\"f747436\" data-element_type=\"widget\" data-e-type=\"widget\" data-widget_type=\"micdrop_core_section_title.default\">\n\t\t\t\t<div class=\"elementor-widget-container\">\n\t\t\t\t\t<div class=\"qodef-shortcode qodef-m  qodef-section-title qodef-alignment--left   qodef-title-border-bottom\">\n\t\t\t<h1 class=\"qodef-m-title\" >\n\t\t\t\t\tNDOHO ANGE\t\t\t<\/h1>\n\t\t<p class=\"qodef-m-text\" >DANSEUSE \/ PERFORMEUSE \/ ARTISTE VISUELLE\n<\/p>\n\t\t<div class=\"qodef-m-button\" >\n\t\t\t\t\t\t\t\t\t\t\t\t\t\t\t<\/div>\n<\/div>\n\t\t\t\t<\/div>\n\t\t\t\t<\/div>\n\t\t\t\t<section class=\"elementor-section elementor-inner-section elementor-element elementor-element-6029920 elementor-section-full_width elementor-section-height-default elementor-section-height-default qodef-elementor-content-no\" data-id=\"6029920\" data-element_type=\"section\" data-e-type=\"section\">\n\t\t\t\t\t\t<div class=\"elementor-container elementor-column-gap-default\">\n\t\t\t\t\t<div class=\"elementor-column elementor-col-33 elementor-inner-column elementor-element elementor-element-839be68\" data-id=\"839be68\" data-element_type=\"column\" data-e-type=\"column\">\n\t\t\t<div class=\"elementor-widget-wrap elementor-element-populated\">\n\t\t\t\t\t\t<div class=\"elementor-element elementor-element-a831acf elementor-widget elementor-widget-image\" data-id=\"a831acf\" data-element_type=\"widget\" data-e-type=\"widget\" data-widget_type=\"image.default\">\n\t\t\t\t<div class=\"elementor-widget-container\">\n\t\t\t\t\t\t\t\t\t\t\t\t<figure class=\"wp-caption\">\n\t\t\t\t\t\t\t\t\t\t<img fetchpriority=\"high\" decoding=\"async\" width=\"600\" height=\"869\" src=\"https:\/\/underground.bzh\/wp-content\/uploads\/2024\/04\/ANGE_Ndoho.webp\" class=\"attachment-large size-large wp-image-9798\" alt=\"Photo de l&#039;artiste Ndoho Ange\" srcset=\"https:\/\/underground.bzh\/wp-content\/uploads\/2024\/04\/ANGE_Ndoho.webp 600w, https:\/\/underground.bzh\/wp-content\/uploads\/2024\/04\/ANGE_Ndoho-207x300.webp 207w\" sizes=\"(max-width: 600px) 100vw, 600px\" \/>\t\t\t\t\t\t\t\t\t\t\t<figcaption class=\"widget-image-caption wp-caption-text\">\u00a9 DR<\/figcaption>\n\t\t\t\t\t\t\t\t\t\t<\/figure>\n\t\t\t\t\t\t\t\t\t<\/div>\n\t\t\t\t<\/div>\n\t\t\t\t<div class=\"elementor-element elementor-element-d4acb90 elementor-widget-divider--view-line elementor-widget elementor-widget-divider\" data-id=\"d4acb90\" data-element_type=\"widget\" data-e-type=\"widget\" data-widget_type=\"divider.default\">\n\t\t\t\t<div class=\"elementor-widget-container\">\n\t\t\t\t\t\t\t<div class=\"elementor-divider\">\n\t\t\t<span class=\"elementor-divider-separator\">\n\t\t\t\t\t\t<\/span>\n\t\t<\/div>\n\t\t\t\t\t\t<\/div>\n\t\t\t\t<\/div>\n\t\t\t\t<div class=\"elementor-element elementor-element-c24191d elementor-widget elementor-widget-micdrop_core_events_list\" data-id=\"c24191d\" data-element_type=\"widget\" data-e-type=\"widget\" data-widget_type=\"micdrop_core_events_list.default\">\n\t\t\t\t<div class=\"elementor-widget-container\">\n\t\t\t\t\t<div class=\"qodef-shortcode qodef-m  qodef-events-list qodef-item-layout--calendar qodef-top-info-title-tag--h5   qodef-top-info--yes qodef-grid qodef-layout--columns    qodef-item-layout--calendar qodef--no-bottom-space qodef-pagination--off qodef-responsive--predefined\" data-options=\"{&quot;plugin&quot;:&quot;micdrop_core&quot;,&quot;module&quot;:&quot;post-types\\\/events\\\/shortcodes&quot;,&quot;shortcode&quot;:&quot;events-list&quot;,&quot;post_type&quot;:&quot;event-item&quot;,&quot;next_page&quot;:&quot;2&quot;,&quot;max_pages_num&quot;:1,&quot;row_reverse&quot;:&quot;no&quot;,&quot;posts_per_page&quot;:&quot;1&quot;,&quot;orderby&quot;:&quot;ID&quot;,&quot;additional_params&quot;:&quot;id&quot;,&quot;post_ids&quot;:&quot;3258&quot;,&quot;layout&quot;:&quot;calendar&quot;,&quot;title_tag&quot;:&quot;span&quot;,&quot;pagination_type&quot;:&quot;no-pagination&quot;,&quot;show_top_info&quot;:&quot;yes&quot;,&quot;top_info_title&quot;:&quot;18 juin 2024&quot;,&quot;top_info_title_tag&quot;:&quot;h5&quot;,&quot;top_info_link_text&quot;:&quot;Show All&quot;,&quot;object_class_name&quot;:&quot;MicdropCore_Events_List_Shortcode&quot;,&quot;behavior&quot;:&quot;columns&quot;,&quot;additional_query_args&quot;:{&quot;orderby&quot;:&quot;post__in&quot;,&quot;post__in&quot;:[&quot;3258&quot;]},&quot;item_classes&quot;:&quot;qodef-e qodef-grid-item&quot;}\" >\n\t\t<div class=\"qodef-m-top-info\">\n\t\t\t\t\t<h5 itemprop=\"name\" class=\"qodef-e-title entry-title\">\n\t\t\t18 juin 2024\t\t\t<\/h5>\n\t\t\n\t\t\t<\/div>\n\t\t<div class=\"qodef-grid-inner clear\">\n\t\t<div class=\"qodef-e qodef-grid-item\">\n\t<div class=\"qodef-e-inner\">\n\t\t<div class=\"qodef-e-heading\">\n\t\t\t<span itemprop=\"name\" class=\"qodef-e-title entry-title\" >\n\t<a itemprop=\"url\" class=\"qodef-e-title-link\" href=\"https:\/\/underground.bzh\/index.php\/event-item\/random-believer\/\">\n\t\tRANDOM BELIEVER\t<\/a>\n<\/span>\n\t\t<\/div>\n\t\t\t<div class=\"qodef-e-stage-time\">\n\t\t\t\t\t<span class=\"qodef-e-stage\">\n\t\t\t\tTNB, Parigot\t\t\t<\/span>\n\t\t\t\t\t\t\t<span class=\"qodef-e-time\">\n\t\t\t\t18:00\t\t\t<\/span>\n\t\t\t<\/div>\n\t<\/div>\n<\/div>\n\t<\/div>\n\t<\/div>\n\t\t\t\t<\/div>\n\t\t\t\t<\/div>\n\t\t\t\t<div class=\"elementor-element elementor-element-17ef1eb elementor-widget elementor-widget-micdrop_core_events_list\" data-id=\"17ef1eb\" data-element_type=\"widget\" data-e-type=\"widget\" data-widget_type=\"micdrop_core_events_list.default\">\n\t\t\t\t<div class=\"elementor-widget-container\">\n\t\t\t\t\t<div class=\"qodef-shortcode qodef-m  qodef-events-list qodef-item-layout--calendar qodef-top-info-title-tag--h5   qodef-top-info--yes qodef-grid qodef-layout--columns    qodef-item-layout--calendar qodef--no-bottom-space qodef-pagination--off qodef-responsive--predefined\" data-options=\"{&quot;plugin&quot;:&quot;micdrop_core&quot;,&quot;module&quot;:&quot;post-types\\\/events\\\/shortcodes&quot;,&quot;shortcode&quot;:&quot;events-list&quot;,&quot;post_type&quot;:&quot;event-item&quot;,&quot;next_page&quot;:&quot;2&quot;,&quot;max_pages_num&quot;:1,&quot;row_reverse&quot;:&quot;no&quot;,&quot;posts_per_page&quot;:&quot;1&quot;,&quot;orderby&quot;:&quot;ID&quot;,&quot;additional_params&quot;:&quot;id&quot;,&quot;post_ids&quot;:&quot;8543&quot;,&quot;layout&quot;:&quot;calendar&quot;,&quot;title_tag&quot;:&quot;span&quot;,&quot;pagination_type&quot;:&quot;no-pagination&quot;,&quot;show_top_info&quot;:&quot;yes&quot;,&quot;top_info_title&quot;:&quot;22 juin 2024&quot;,&quot;top_info_title_tag&quot;:&quot;h5&quot;,&quot;top_info_link_text&quot;:&quot;Show All&quot;,&quot;object_class_name&quot;:&quot;MicdropCore_Events_List_Shortcode&quot;,&quot;behavior&quot;:&quot;columns&quot;,&quot;additional_query_args&quot;:{&quot;orderby&quot;:&quot;post__in&quot;,&quot;post__in&quot;:[&quot;8543&quot;]},&quot;item_classes&quot;:&quot;qodef-e qodef-grid-item&quot;}\" >\n\t\t<div class=\"qodef-m-top-info\">\n\t\t\t\t\t<h5 itemprop=\"name\" class=\"qodef-e-title entry-title\">\n\t\t\t22 juin 2024\t\t\t<\/h5>\n\t\t\n\t\t\t<\/div>\n\t\t<div class=\"qodef-grid-inner clear\">\n\t\t<div class=\"qodef-e qodef-grid-item\">\n\t<div class=\"qodef-e-inner\">\n\t\t<div class=\"qodef-e-heading\">\n\t\t\t<span itemprop=\"name\" class=\"qodef-e-title entry-title\" >\n\t<a itemprop=\"url\" class=\"qodef-e-title-link\" href=\"https:\/\/underground.bzh\/index.php\/event-item\/interferences-6\/\">\n\t\tINTERF\u00c9RENCE(S) #6 IMMERSION ARTISTIQUE + VORTEX ROOKIES\t<\/a>\n<\/span>\n\t\t<\/div>\n\t\t\t<div class=\"qodef-e-stage-time\">\n\t\t\t\t\t<span class=\"qodef-e-stage\">\n\t\t\t\tH\u00f4tel Pasteur\t\t\t<\/span>\n\t\t\t\t\t\t\t<span class=\"qodef-e-time\">\n\t\t\t\t10:00\t\t\t<\/span>\n\t\t\t<\/div>\n\t<\/div>\n<\/div>\n\t<\/div>\n\t<\/div>\n\t\t\t\t<\/div>\n\t\t\t\t<\/div>\n\t\t\t\t<div class=\"elementor-element elementor-element-ea0378a elementor-widget elementor-widget-micdrop_core_events_list\" data-id=\"ea0378a\" data-element_type=\"widget\" data-e-type=\"widget\" data-widget_type=\"micdrop_core_events_list.default\">\n\t\t\t\t<div class=\"elementor-widget-container\">\n\t\t\t\t\t<div class=\"qodef-shortcode qodef-m  qodef-events-list qodef-item-layout--calendar qodef-top-info-title-tag--h5   qodef-top-info--yes qodef-grid qodef-layout--columns    qodef-item-layout--calendar qodef--no-bottom-space qodef-pagination--off qodef-responsive--predefined\" data-options=\"{&quot;plugin&quot;:&quot;micdrop_core&quot;,&quot;module&quot;:&quot;post-types\\\/events\\\/shortcodes&quot;,&quot;shortcode&quot;:&quot;events-list&quot;,&quot;post_type&quot;:&quot;event-item&quot;,&quot;next_page&quot;:&quot;2&quot;,&quot;max_pages_num&quot;:1,&quot;row_reverse&quot;:&quot;no&quot;,&quot;posts_per_page&quot;:&quot;1&quot;,&quot;orderby&quot;:&quot;ID&quot;,&quot;additional_params&quot;:&quot;id&quot;,&quot;post_ids&quot;:&quot;9769&quot;,&quot;layout&quot;:&quot;calendar&quot;,&quot;title_tag&quot;:&quot;span&quot;,&quot;pagination_type&quot;:&quot;no-pagination&quot;,&quot;show_top_info&quot;:&quot;yes&quot;,&quot;top_info_title&quot;:&quot;25 juin 2024&quot;,&quot;top_info_title_tag&quot;:&quot;h5&quot;,&quot;top_info_link_text&quot;:&quot;Show All&quot;,&quot;object_class_name&quot;:&quot;MicdropCore_Events_List_Shortcode&quot;,&quot;behavior&quot;:&quot;columns&quot;,&quot;additional_query_args&quot;:{&quot;orderby&quot;:&quot;post__in&quot;,&quot;post__in&quot;:[&quot;9769&quot;]},&quot;item_classes&quot;:&quot;qodef-e qodef-grid-item&quot;}\" >\n\t\t<div class=\"qodef-m-top-info\">\n\t\t\t\t\t<h5 itemprop=\"name\" class=\"qodef-e-title entry-title\">\n\t\t\t25 juin 2024\t\t\t<\/h5>\n\t\t\n\t\t\t<\/div>\n\t\t<div class=\"qodef-grid-inner clear\">\n\t\t<div class=\"qodef-e qodef-grid-item\">\n\t<div class=\"qodef-e-inner\">\n\t\t<div class=\"qodef-e-heading\">\n\t\t\t<span itemprop=\"name\" class=\"qodef-e-title entry-title\" >\n\t<a itemprop=\"url\" class=\"qodef-e-title-link\" href=\"https:\/\/underground.bzh\/index.php\/event-item\/random-believer-2\/\">\n\t\tRANDOM BELIEVER\t<\/a>\n<\/span>\n\t\t<\/div>\n\t\t\t<div class=\"qodef-e-stage-time\">\n\t\t\t\t\t<span class=\"qodef-e-stage\">\n\t\t\t\tNST, Nantes\t\t\t<\/span>\n\t\t\t\t\t\t\t<span class=\"qodef-e-time\">\n\t\t\t\t20:00\t\t\t<\/span>\n\t\t\t<\/div>\n\t<\/div>\n<\/div>\n\t<\/div>\n\t<\/div>\n\t\t\t\t<\/div>\n\t\t\t\t<\/div>\n\t\t\t\t<div class=\"elementor-element elementor-element-ff66106 elementor-widget elementor-widget-micdrop_core_events_list\" data-id=\"ff66106\" data-element_type=\"widget\" data-e-type=\"widget\" data-widget_type=\"micdrop_core_events_list.default\">\n\t\t\t\t<div class=\"elementor-widget-container\">\n\t\t\t\t\t<div class=\"qodef-shortcode qodef-m  qodef-events-list qodef-item-layout--calendar qodef-top-info-title-tag--h5   qodef-top-info--yes qodef-grid qodef-layout--columns    qodef-item-layout--calendar qodef--no-bottom-space qodef-pagination--off qodef-responsive--predefined\" data-options=\"{&quot;plugin&quot;:&quot;micdrop_core&quot;,&quot;module&quot;:&quot;post-types\\\/events\\\/shortcodes&quot;,&quot;shortcode&quot;:&quot;events-list&quot;,&quot;post_type&quot;:&quot;event-item&quot;,&quot;next_page&quot;:&quot;2&quot;,&quot;max_pages_num&quot;:1,&quot;row_reverse&quot;:&quot;no&quot;,&quot;posts_per_page&quot;:&quot;1&quot;,&quot;orderby&quot;:&quot;ID&quot;,&quot;additional_params&quot;:&quot;id&quot;,&quot;post_ids&quot;:&quot;9771&quot;,&quot;layout&quot;:&quot;calendar&quot;,&quot;title_tag&quot;:&quot;span&quot;,&quot;pagination_type&quot;:&quot;no-pagination&quot;,&quot;show_top_info&quot;:&quot;yes&quot;,&quot;top_info_title&quot;:&quot;26 juin 2024&quot;,&quot;top_info_title_tag&quot;:&quot;h5&quot;,&quot;top_info_link_text&quot;:&quot;Show All&quot;,&quot;object_class_name&quot;:&quot;MicdropCore_Events_List_Shortcode&quot;,&quot;behavior&quot;:&quot;columns&quot;,&quot;additional_query_args&quot;:{&quot;orderby&quot;:&quot;post__in&quot;,&quot;post__in&quot;:[&quot;9771&quot;]},&quot;item_classes&quot;:&quot;qodef-e qodef-grid-item&quot;}\" >\n\t\t<div class=\"qodef-m-top-info\">\n\t\t\t\t\t<h5 itemprop=\"name\" class=\"qodef-e-title entry-title\">\n\t\t\t26 juin 2024\t\t\t<\/h5>\n\t\t\n\t\t\t<\/div>\n\t\t<div class=\"qodef-grid-inner clear\">\n\t\t<div class=\"qodef-e qodef-grid-item\">\n\t<div class=\"qodef-e-inner\">\n\t\t<div class=\"qodef-e-heading\">\n\t\t\t<span itemprop=\"name\" class=\"qodef-e-title entry-title\" >\n\t<a itemprop=\"url\" class=\"qodef-e-title-link\" href=\"https:\/\/underground.bzh\/index.php\/event-item\/random-believer-3\/\">\n\t\tRANDOM BELIEVER\t<\/a>\n<\/span>\n\t\t<\/div>\n\t\t\t<div class=\"qodef-e-stage-time\">\n\t\t\t\t\t<span class=\"qodef-e-stage\">\n\t\t\t\tNST, Nantes\t\t\t<\/span>\n\t\t\t\t\t\t\t<span class=\"qodef-e-time\">\n\t\t\t\t20:00\t\t\t<\/span>\n\t\t\t<\/div>\n\t<\/div>\n<\/div>\n\t<\/div>\n\t<\/div>\n\t\t\t\t<\/div>\n\t\t\t\t<\/div>\n\t\t\t\t<div class=\"elementor-element elementor-element-7248d38 elementor-shape-square elementor-grid-2 e-grid-align-center elementor-widget elementor-widget-social-icons\" data-id=\"7248d38\" data-element_type=\"widget\" data-e-type=\"widget\" data-widget_type=\"social-icons.default\">\n\t\t\t\t<div class=\"elementor-widget-container\">\n\t\t\t\t\t\t\t<div class=\"elementor-social-icons-wrapper elementor-grid\" role=\"list\">\n\t\t\t\t\t\t\t<span class=\"elementor-grid-item\" role=\"listitem\">\n\t\t\t\t\t<a class=\"elementor-icon elementor-social-icon elementor-social-icon-facebook elementor-repeater-item-2a175a9\" href=\"https:\/\/www.facebook.com\/profile.php?id=100010771927846\" target=\"_blank\">\n\t\t\t\t\t\t<span class=\"elementor-screen-only\">Facebook<\/span>\n\t\t\t\t\t\t<svg aria-hidden=\"true\" class=\"e-font-icon-svg e-fab-facebook\" viewBox=\"0 0 512 512\" xmlns=\"http:\/\/www.w3.org\/2000\/svg\"><path d=\"M504 256C504 119 393 8 256 8S8 119 8 256c0 123.78 90.69 226.38 209.25 245V327.69h-63V256h63v-54.64c0-62.15 37-96.48 93.67-96.48 27.14 0 55.52 4.84 55.52 4.84v61h-31.28c-30.8 0-40.41 19.12-40.41 38.73V256h68.78l-11 71.69h-57.78V501C413.31 482.38 504 379.78 504 256z\"><\/path><\/svg>\t\t\t\t\t<\/a>\n\t\t\t\t<\/span>\n\t\t\t\t\t\t\t<span class=\"elementor-grid-item\" role=\"listitem\">\n\t\t\t\t\t<a class=\"elementor-icon elementor-social-icon elementor-social-icon-instagram elementor-repeater-item-20758ea\" href=\"https:\/\/www.instagram.com\/___ndoho___\/\" target=\"_blank\">\n\t\t\t\t\t\t<span class=\"elementor-screen-only\">Instagram<\/span>\n\t\t\t\t\t\t<svg aria-hidden=\"true\" class=\"e-font-icon-svg e-fab-instagram\" viewBox=\"0 0 448 512\" xmlns=\"http:\/\/www.w3.org\/2000\/svg\"><path d=\"M224.1 141c-63.6 0-114.9 51.3-114.9 114.9s51.3 114.9 114.9 114.9S339 319.5 339 255.9 287.7 141 224.1 141zm0 189.6c-41.1 0-74.7-33.5-74.7-74.7s33.5-74.7 74.7-74.7 74.7 33.5 74.7 74.7-33.6 74.7-74.7 74.7zm146.4-194.3c0 14.9-12 26.8-26.8 26.8-14.9 0-26.8-12-26.8-26.8s12-26.8 26.8-26.8 26.8 12 26.8 26.8zm76.1 27.2c-1.7-35.9-9.9-67.7-36.2-93.9-26.2-26.2-58-34.4-93.9-36.2-37-2.1-147.9-2.1-184.9 0-35.8 1.7-67.6 9.9-93.9 36.1s-34.4 58-36.2 93.9c-2.1 37-2.1 147.9 0 184.9 1.7 35.9 9.9 67.7 36.2 93.9s58 34.4 93.9 36.2c37 2.1 147.9 2.1 184.9 0 35.9-1.7 67.7-9.9 93.9-36.2 26.2-26.2 34.4-58 36.2-93.9 2.1-37 2.1-147.8 0-184.8zM398.8 388c-7.8 19.6-22.9 34.7-42.6 42.6-29.5 11.7-99.5 9-132.1 9s-102.7 2.6-132.1-9c-19.6-7.8-34.7-22.9-42.6-42.6-11.7-29.5-9-99.5-9-132.1s-2.6-102.7 9-132.1c7.8-19.6 22.9-34.7 42.6-42.6 29.5-11.7 99.5-9 132.1-9s102.7-2.6 132.1 9c19.6 7.8 34.7 22.9 42.6 42.6 11.7 29.5 9 99.5 9 132.1s2.7 102.7-9 132.1z\"><\/path><\/svg>\t\t\t\t\t<\/a>\n\t\t\t\t<\/span>\n\t\t\t\t\t<\/div>\n\t\t\t\t\t\t<\/div>\n\t\t\t\t<\/div>\n\t\t\t\t\t<\/div>\n\t\t<\/div>\n\t\t\t\t<div class=\"elementor-column elementor-col-66 elementor-inner-column elementor-element elementor-element-e612657\" data-id=\"e612657\" data-element_type=\"column\" data-e-type=\"column\" data-settings=\"{&quot;background_background&quot;:&quot;classic&quot;}\">\n\t\t\t<div class=\"elementor-widget-wrap elementor-element-populated\">\n\t\t\t\t\t\t<div class=\"elementor-element elementor-element-d028113 elementor-widget-divider--view-line elementor-widget elementor-widget-divider\" data-id=\"d028113\" data-element_type=\"widget\" data-e-type=\"widget\" data-widget_type=\"divider.default\">\n\t\t\t\t<div class=\"elementor-widget-container\">\n\t\t\t\t\t\t\t<div class=\"elementor-divider\">\n\t\t\t<span class=\"elementor-divider-separator\">\n\t\t\t\t\t\t<\/span>\n\t\t<\/div>\n\t\t\t\t\t\t<\/div>\n\t\t\t\t<\/div>\n\t\t\t\t<div class=\"elementor-element elementor-element-3776f4a elementor-widget elementor-widget-text-editor\" data-id=\"3776f4a\" data-element_type=\"widget\" data-e-type=\"widget\" data-widget_type=\"text-editor.default\">\n\t\t\t\t<div class=\"elementor-widget-container\">\n\t\t\t\t\t\t\t\t\t<p class=\"03TEXTECOURANT\">Danseuse performeuse et artiste visuelle, <span class=\"03TEXTECOURANTEXTRABOLD\">Eliane Edou<\/span> aka <span class=\"03TEXTECOURANTEXTRABOLD\">Ndoho Ange <\/span>interroge la spiritualit\u00e9 de notre temps, notamment dans un travail photographique et vid\u00e9o qu\u2019elle d\u00e9veloppe depuis plusieurs ann\u00e9es.<\/p><p class=\"03TEXTECOURANT\">Form\u00e9e aux danses hip hop, sp\u00e9cialiste en house dance et hip hop freestyle, elle s\u2019int\u00e9resse aux danses dites de transe qu\u2019elle d\u00e9couvre \u00e0 travers la technique Dunham enseign\u00e9e au Centre Free Dance Song \u00e0 Paris. Apr\u00e8s un cursus en photographie, elle \u00e9tudie en 2010 la TECHNI\u2019KA de L\u00e9nablou en Guadeloupe, esth\u00e9tique chor\u00e9graphique issue de la tradition carib\u00e9enne (le gwo-ka) et de la danse contemporaine. Son attrait, sa curiosit\u00e9 pour le vaudou commence alors qu\u2019elle est encore enfant lorsqu\u2019elle trouve un livre sur le sujet dans la biblioth\u00e8que de sa m\u00e8re.<\/p>\t\t\t\t\t\t\t\t<\/div>\n\t\t\t\t<\/div>\n\t\t\t\t<div class=\"elementor-element elementor-element-addbbdc elementor-widget-divider--view-line elementor-widget elementor-widget-divider\" data-id=\"addbbdc\" data-element_type=\"widget\" data-e-type=\"widget\" data-widget_type=\"divider.default\">\n\t\t\t\t<div class=\"elementor-widget-container\">\n\t\t\t\t\t\t\t<div class=\"elementor-divider\">\n\t\t\t<span class=\"elementor-divider-separator\">\n\t\t\t\t\t\t<\/span>\n\t\t<\/div>\n\t\t\t\t\t\t<\/div>\n\t\t\t\t<\/div>\n\t\t\t\t<div class=\"elementor-element elementor-element-3805b65 elementor-widget elementor-widget-video\" data-id=\"3805b65\" data-element_type=\"widget\" data-e-type=\"widget\" data-settings=\"{&quot;video_type&quot;:&quot;vimeo&quot;}\" data-widget_type=\"video.default\">\n\t\t\t\t<div class=\"elementor-widget-container\">\n\t\t\t\t\t\t\t<div class=\"elementor-wrapper elementor-open-inline\">\n\t\t\t<iframe class=\"elementor-video-iframe\" allowfullscreen allow=\"clipboard-write\" title=\"Lecteur vid\u00e9o vimeo\" src=\"https:\/\/player.vimeo.com\/video\/924600205?color&amp;autopause=0&amp;loop=0&amp;muted=0&amp;title=1&amp;portrait=0&amp;byline=0#t=\"><\/iframe>\t\t<\/div>\n\t\t\t\t\t\t<\/div>\n\t\t\t\t<\/div>\n\t\t\t\t<div class=\"elementor-element elementor-element-4d04647 elementor-widget-divider--view-line elementor-widget elementor-widget-divider\" data-id=\"4d04647\" data-element_type=\"widget\" data-e-type=\"widget\" data-widget_type=\"divider.default\">\n\t\t\t\t<div class=\"elementor-widget-container\">\n\t\t\t\t\t\t\t<div class=\"elementor-divider\">\n\t\t\t<span class=\"elementor-divider-separator\">\n\t\t\t\t\t\t<\/span>\n\t\t<\/div>\n\t\t\t\t\t\t<\/div>\n\t\t\t\t<\/div>\n\t\t\t\t<div class=\"elementor-element elementor-element-b51c423 elementor-widget elementor-widget-text-editor\" data-id=\"b51c423\" data-element_type=\"widget\" data-e-type=\"widget\" data-widget_type=\"text-editor.default\">\n\t\t\t\t<div class=\"elementor-widget-container\">\n\t\t\t\t\t\t\t\t\t<p class=\"03TEXTECOURANT\">Plong\u00e9e dans cet univers, elle y d\u00e9couvre une multiplicit\u00e9 de figures divines et m\u00e8ne ses recherches dans plusieurs disciplines : musique, peinture, chant\u2026 Depuis longtemps, Ndoho Ange se pose ces questions : faut-il forc\u00e9ment \u00eatre initi\u00e9e pour comprendre le vaudou\u2009? Quel est son climat vaudou, les gestes, les chants, qui la dirigent vers la transe\u2009?<\/p>\t\t\t\t\t\t\t\t<\/div>\n\t\t\t\t<\/div>\n\t\t\t\t<div class=\"elementor-element elementor-element-a68dbfc elementor-widget-divider--view-line elementor-widget elementor-widget-divider\" data-id=\"a68dbfc\" data-element_type=\"widget\" data-e-type=\"widget\" data-widget_type=\"divider.default\">\n\t\t\t\t<div class=\"elementor-widget-container\">\n\t\t\t\t\t\t\t<div class=\"elementor-divider\">\n\t\t\t<span class=\"elementor-divider-separator\">\n\t\t\t\t\t\t<\/span>\n\t\t<\/div>\n\t\t\t\t\t\t<\/div>\n\t\t\t\t<\/div>\n\t\t\t\t\t<\/div>\n\t\t<\/div>\n\t\t\t\t\t<\/div>\n\t\t<\/section>\n\t\t\t\t<div class=\"elementor-element elementor-element-74be26f elementor-widget elementor-widget-spacer\" data-id=\"74be26f\" data-element_type=\"widget\" data-e-type=\"widget\" data-widget_type=\"spacer.default\">\n\t\t\t\t<div class=\"elementor-widget-container\">\n\t\t\t\t\t\t\t<div class=\"elementor-spacer\">\n\t\t\t<div class=\"elementor-spacer-inner\"><\/div>\n\t\t<\/div>\n\t\t\t\t\t\t<\/div>\n\t\t\t\t<\/div>\n\t\t\t\t\t<\/div>\n\t\t<\/div>\n\t\t\t\t\t<\/div>\n\t\t<\/section>\n\t\t\t\t<\/div>\n\t\t","protected":false},"excerpt":{"rendered":"<p>NDOHO ANGE DANSEUSE \/ PERFORMEUSE \/ ARTISTE VISUELLE \u00a9 DR 18 juin 2024 RANDOM BELIEVER TNB, Parigot 18:00 22 juin 2024 INTERF\u00c9RENCES #6 H\u00f4tel Pasteur 10:00 25 juin 2024 RANDOM BELIEVER NST, Nantes 20:00 26 juin 2024 RANDOM BELIEVER NST, Nantes 20:00 Facebook Instagram Danseuse performeuse et artiste visuelle, Eliane Edou aka Ndoho Ange interroge [&hellip;]<\/p>\n","protected":false},"author":1,"featured_media":0,"parent":0,"menu_order":0,"comment_status":"closed","ping_status":"closed","template":"page-full-width.php","meta":{"footnotes":""},"class_list":["post-3510","page","type-page","status-publish","hentry"],"_links":{"self":[{"href":"https:\/\/underground.bzh\/index.php\/wp-json\/wp\/v2\/pages\/3510","targetHints":{"allow":["GET"]}}],"collection":[{"href":"https:\/\/underground.bzh\/index.php\/wp-json\/wp\/v2\/pages"}],"about":[{"href":"https:\/\/underground.bzh\/index.php\/wp-json\/wp\/v2\/types\/page"}],"author":[{"embeddable":true,"href":"https:\/\/underground.bzh\/index.php\/wp-json\/wp\/v2\/users\/1"}],"replies":[{"embeddable":true,"href":"https:\/\/underground.bzh\/index.php\/wp-json\/wp\/v2\/comments?post=3510"}],"version-history":[{"count":242,"href":"https:\/\/underground.bzh\/index.php\/wp-json\/wp\/v2\/pages\/3510\/revisions"}],"predecessor-version":[{"id":10376,"href":"https:\/\/underground.bzh\/index.php\/wp-json\/wp\/v2\/pages\/3510\/revisions\/10376"}],"wp:attachment":[{"href":"https:\/\/underground.bzh\/index.php\/wp-json\/wp\/v2\/media?parent=3510"}],"curies":[{"name":"wp","href":"https:\/\/api.w.org\/{rel}","templated":true}]}}