{"id":9272,"date":"2024-04-01T18:25:35","date_gmt":"2024-04-01T16:25:35","guid":{"rendered":"https:\/\/underground.bzh\/?page_id=9272"},"modified":"2024-04-12T14:34:31","modified_gmt":"2024-04-12T12:34:31","slug":"johanna-faye","status":"publish","type":"page","link":"https:\/\/underground.bzh\/index.php\/johanna-faye\/","title":{"rendered":"Johanna Faye"},"content":{"rendered":"\t\t<div data-elementor-type=\"wp-page\" data-elementor-id=\"9272\" class=\"elementor elementor-9272\">\n\t\t\t\t\t\t<section class=\"elementor-section elementor-top-section elementor-element elementor-element-af84573 elementor-section-full_width elementor-section-height-default elementor-section-height-default qodef-elementor-content-no\" data-id=\"af84573\" data-element_type=\"section\" data-e-type=\"section\">\n\t\t\t\t\t\t<div class=\"elementor-container elementor-column-gap-default\">\n\t\t\t\t\t<div class=\"elementor-column elementor-col-100 elementor-top-column elementor-element elementor-element-ba3f1dc\" data-id=\"ba3f1dc\" data-element_type=\"column\" data-e-type=\"column\">\n\t\t\t<div class=\"elementor-widget-wrap elementor-element-populated\">\n\t\t\t\t\t\t<div class=\"elementor-element elementor-element-f747436 elementor-widget elementor-widget-micdrop_core_section_title\" data-id=\"f747436\" data-element_type=\"widget\" data-e-type=\"widget\" data-widget_type=\"micdrop_core_section_title.default\">\n\t\t\t\t<div class=\"elementor-widget-container\">\n\t\t\t\t\t<div class=\"qodef-shortcode qodef-m  qodef-section-title qodef-alignment--left   qodef-title-border-bottom\">\n\t\t\t<h1 class=\"qodef-m-title\" >\n\t\t\t\t\tJOHANNA FAYE\t\t\t<\/h1>\n\t\t<p class=\"qodef-m-text\" >CHOR\u00c9GRAPHE \/ DANSEUSE \n<\/p>\n\t\t<div class=\"qodef-m-button\" >\n\t\t\t\t\t\t\t\t\t\t\t\t\t\t\t<\/div>\n<\/div>\n\t\t\t\t<\/div>\n\t\t\t\t<\/div>\n\t\t\t\t<section class=\"elementor-section elementor-inner-section elementor-element elementor-element-6029920 elementor-section-full_width elementor-section-height-default elementor-section-height-default qodef-elementor-content-no\" data-id=\"6029920\" data-element_type=\"section\" data-e-type=\"section\">\n\t\t\t\t\t\t<div class=\"elementor-container elementor-column-gap-default\">\n\t\t\t\t\t<div class=\"elementor-column elementor-col-33 elementor-inner-column elementor-element elementor-element-839be68\" data-id=\"839be68\" data-element_type=\"column\" data-e-type=\"column\">\n\t\t\t<div class=\"elementor-widget-wrap elementor-element-populated\">\n\t\t\t\t\t\t<div class=\"elementor-element elementor-element-a831acf elementor-widget elementor-widget-image\" data-id=\"a831acf\" data-element_type=\"widget\" data-e-type=\"widget\" data-widget_type=\"image.default\">\n\t\t\t\t<div class=\"elementor-widget-container\">\n\t\t\t\t\t\t\t\t\t\t\t\t<figure class=\"wp-caption\">\n\t\t\t\t\t\t\t\t\t\t<img fetchpriority=\"high\" decoding=\"async\" width=\"600\" height=\"869\" src=\"https:\/\/underground.bzh\/wp-content\/uploads\/2024\/04\/FAYE_Johanna.webp\" class=\"attachment-micdrop_core_image_size_portrait size-micdrop_core_image_size_portrait wp-image-9801\" alt=\"Photo de l&#039;artiste Johanna Faye\" srcset=\"https:\/\/underground.bzh\/wp-content\/uploads\/2024\/04\/FAYE_Johanna.webp 600w, https:\/\/underground.bzh\/wp-content\/uploads\/2024\/04\/FAYE_Johanna-207x300.webp 207w\" sizes=\"(max-width: 600px) 100vw, 600px\" \/>\t\t\t\t\t\t\t\t\t\t\t<figcaption class=\"widget-image-caption wp-caption-text\">\u00a9 J\u00e9r\u00f4me Bonnet<\/figcaption>\n\t\t\t\t\t\t\t\t\t\t<\/figure>\n\t\t\t\t\t\t\t\t\t<\/div>\n\t\t\t\t<\/div>\n\t\t\t\t<div class=\"elementor-element elementor-element-d4acb90 elementor-widget-divider--view-line elementor-widget elementor-widget-divider\" data-id=\"d4acb90\" data-element_type=\"widget\" data-e-type=\"widget\" data-widget_type=\"divider.default\">\n\t\t\t\t<div class=\"elementor-widget-container\">\n\t\t\t\t\t\t\t<div class=\"elementor-divider\">\n\t\t\t<span class=\"elementor-divider-separator\">\n\t\t\t\t\t\t<\/span>\n\t\t<\/div>\n\t\t\t\t\t\t<\/div>\n\t\t\t\t<\/div>\n\t\t\t\t<div class=\"elementor-element elementor-element-c01d752 elementor-widget elementor-widget-micdrop_core_events_list\" data-id=\"c01d752\" data-element_type=\"widget\" data-e-type=\"widget\" data-widget_type=\"micdrop_core_events_list.default\">\n\t\t\t\t<div class=\"elementor-widget-container\">\n\t\t\t\t\t<div class=\"qodef-shortcode qodef-m  qodef-events-list qodef-item-layout--calendar qodef-top-info-title-tag--h5   qodef-top-info--yes qodef-grid qodef-layout--columns    qodef-item-layout--calendar qodef--no-bottom-space qodef-pagination--off qodef-responsive--predefined\" data-options=\"{&quot;plugin&quot;:&quot;micdrop_core&quot;,&quot;module&quot;:&quot;post-types\\\/events\\\/shortcodes&quot;,&quot;shortcode&quot;:&quot;events-list&quot;,&quot;post_type&quot;:&quot;event-item&quot;,&quot;next_page&quot;:&quot;2&quot;,&quot;max_pages_num&quot;:1,&quot;row_reverse&quot;:&quot;no&quot;,&quot;posts_per_page&quot;:&quot;1&quot;,&quot;orderby&quot;:&quot;ID&quot;,&quot;additional_params&quot;:&quot;id&quot;,&quot;post_ids&quot;:&quot;8541&quot;,&quot;layout&quot;:&quot;calendar&quot;,&quot;title_tag&quot;:&quot;span&quot;,&quot;pagination_type&quot;:&quot;no-pagination&quot;,&quot;show_top_info&quot;:&quot;yes&quot;,&quot;top_info_title&quot;:&quot;21 juin 2024&quot;,&quot;top_info_title_tag&quot;:&quot;h5&quot;,&quot;top_info_link_text&quot;:&quot;Show All&quot;,&quot;object_class_name&quot;:&quot;MicdropCore_Events_List_Shortcode&quot;,&quot;behavior&quot;:&quot;columns&quot;,&quot;additional_query_args&quot;:{&quot;orderby&quot;:&quot;post__in&quot;,&quot;post__in&quot;:[&quot;8541&quot;]},&quot;item_classes&quot;:&quot;qodef-e qodef-grid-item&quot;}\" >\n\t\t<div class=\"qodef-m-top-info\">\n\t\t\t\t\t<h5 itemprop=\"name\" class=\"qodef-e-title entry-title\">\n\t\t\t21 juin 2024\t\t\t<\/h5>\n\t\t\n\t\t\t<\/div>\n\t\t<div class=\"qodef-grid-inner clear\">\n\t\t<div class=\"qodef-e qodef-grid-item\">\n\t<div class=\"qodef-e-inner\">\n\t\t<div class=\"qodef-e-heading\">\n\t\t\t<span itemprop=\"name\" class=\"qodef-e-title entry-title\" >\n\t<a itemprop=\"url\" class=\"qodef-e-title-link\" href=\"https:\/\/underground.bzh\/index.php\/event-item\/interferences-5\/\">\n\t\tINTERF\u00c9RENCE(S) #5 THE SOUND IS YOURS\t<\/a>\n<\/span>\n\t\t<\/div>\n\t\t\t<div class=\"qodef-e-stage-time\">\n\t\t\t\t\t<span class=\"qodef-e-stage\">\n\t\t\t\tH\u00f4tel Pasteur\t\t\t<\/span>\n\t\t\t\t\t\t\t<span class=\"qodef-e-time\">\n\t\t\t\t19:00\t\t\t<\/span>\n\t\t\t<\/div>\n\t<\/div>\n<\/div>\n\t<\/div>\n\t<\/div>\n\t\t\t\t<\/div>\n\t\t\t\t<\/div>\n\t\t\t\t<div class=\"elementor-element elementor-element-e043151 elementor-widget elementor-widget-micdrop_core_events_list\" data-id=\"e043151\" data-element_type=\"widget\" data-e-type=\"widget\" data-widget_type=\"micdrop_core_events_list.default\">\n\t\t\t\t<div class=\"elementor-widget-container\">\n\t\t\t\t\t<div class=\"qodef-shortcode qodef-m  qodef-events-list qodef-item-layout--calendar qodef-top-info-title-tag--h5   qodef-top-info--yes qodef-grid qodef-layout--columns    qodef-item-layout--calendar qodef--no-bottom-space qodef-pagination--off qodef-responsive--predefined\" data-options=\"{&quot;plugin&quot;:&quot;micdrop_core&quot;,&quot;module&quot;:&quot;post-types\\\/events\\\/shortcodes&quot;,&quot;shortcode&quot;:&quot;events-list&quot;,&quot;post_type&quot;:&quot;event-item&quot;,&quot;next_page&quot;:&quot;2&quot;,&quot;max_pages_num&quot;:1,&quot;row_reverse&quot;:&quot;no&quot;,&quot;posts_per_page&quot;:&quot;1&quot;,&quot;orderby&quot;:&quot;ID&quot;,&quot;additional_params&quot;:&quot;id&quot;,&quot;post_ids&quot;:&quot;8543&quot;,&quot;layout&quot;:&quot;calendar&quot;,&quot;title_tag&quot;:&quot;span&quot;,&quot;pagination_type&quot;:&quot;no-pagination&quot;,&quot;show_top_info&quot;:&quot;yes&quot;,&quot;top_info_title&quot;:&quot;22 juin 2024&quot;,&quot;top_info_title_tag&quot;:&quot;h5&quot;,&quot;top_info_link_text&quot;:&quot;Show All&quot;,&quot;object_class_name&quot;:&quot;MicdropCore_Events_List_Shortcode&quot;,&quot;behavior&quot;:&quot;columns&quot;,&quot;additional_query_args&quot;:{&quot;orderby&quot;:&quot;post__in&quot;,&quot;post__in&quot;:[&quot;8543&quot;]},&quot;item_classes&quot;:&quot;qodef-e qodef-grid-item&quot;}\" >\n\t\t<div class=\"qodef-m-top-info\">\n\t\t\t\t\t<h5 itemprop=\"name\" class=\"qodef-e-title entry-title\">\n\t\t\t22 juin 2024\t\t\t<\/h5>\n\t\t\n\t\t\t<\/div>\n\t\t<div class=\"qodef-grid-inner clear\">\n\t\t<div class=\"qodef-e qodef-grid-item\">\n\t<div class=\"qodef-e-inner\">\n\t\t<div class=\"qodef-e-heading\">\n\t\t\t<span itemprop=\"name\" class=\"qodef-e-title entry-title\" >\n\t<a itemprop=\"url\" class=\"qodef-e-title-link\" href=\"https:\/\/underground.bzh\/index.php\/event-item\/interferences-6\/\">\n\t\tINTERF\u00c9RENCE(S) #6 IMMERSION ARTISTIQUE + VORTEX ROOKIES\t<\/a>\n<\/span>\n\t\t<\/div>\n\t\t\t<div class=\"qodef-e-stage-time\">\n\t\t\t\t\t<span class=\"qodef-e-stage\">\n\t\t\t\tH\u00f4tel Pasteur\t\t\t<\/span>\n\t\t\t\t\t\t\t<span class=\"qodef-e-time\">\n\t\t\t\t10:00\t\t\t<\/span>\n\t\t\t<\/div>\n\t<\/div>\n<\/div>\n\t<\/div>\n\t<\/div>\n\t\t\t\t<\/div>\n\t\t\t\t<\/div>\n\t\t\t\t<div class=\"elementor-element elementor-element-7248d38 elementor-shape-square elementor-grid-3 e-grid-align-center elementor-widget elementor-widget-social-icons\" data-id=\"7248d38\" data-element_type=\"widget\" data-e-type=\"widget\" data-widget_type=\"social-icons.default\">\n\t\t\t\t<div class=\"elementor-widget-container\">\n\t\t\t\t\t\t\t<div class=\"elementor-social-icons-wrapper elementor-grid\">\n\t\t\t\t\t\t\t<span class=\"elementor-grid-item\">\n\t\t\t\t\t<a class=\"elementor-icon elementor-social-icon elementor-social-icon-instagram elementor-repeater-item-20758ea\" href=\"https:\/\/www.instagram.com\/johfaye\/\" target=\"_blank\">\n\t\t\t\t\t\t<span class=\"elementor-screen-only\">Instagram<\/span>\n\t\t\t\t\t\t<svg aria-hidden=\"true\" class=\"e-font-icon-svg e-fab-instagram\" viewBox=\"0 0 448 512\" xmlns=\"http:\/\/www.w3.org\/2000\/svg\"><path d=\"M224.1 141c-63.6 0-114.9 51.3-114.9 114.9s51.3 114.9 114.9 114.9S339 319.5 339 255.9 287.7 141 224.1 141zm0 189.6c-41.1 0-74.7-33.5-74.7-74.7s33.5-74.7 74.7-74.7 74.7 33.5 74.7 74.7-33.6 74.7-74.7 74.7zm146.4-194.3c0 14.9-12 26.8-26.8 26.8-14.9 0-26.8-12-26.8-26.8s12-26.8 26.8-26.8 26.8 12 26.8 26.8zm76.1 27.2c-1.7-35.9-9.9-67.7-36.2-93.9-26.2-26.2-58-34.4-93.9-36.2-37-2.1-147.9-2.1-184.9 0-35.8 1.7-67.6 9.9-93.9 36.1s-34.4 58-36.2 93.9c-2.1 37-2.1 147.9 0 184.9 1.7 35.9 9.9 67.7 36.2 93.9s58 34.4 93.9 36.2c37 2.1 147.9 2.1 184.9 0 35.9-1.7 67.7-9.9 93.9-36.2 26.2-26.2 34.4-58 36.2-93.9 2.1-37 2.1-147.8 0-184.8zM398.8 388c-7.8 19.6-22.9 34.7-42.6 42.6-29.5 11.7-99.5 9-132.1 9s-102.7 2.6-132.1-9c-19.6-7.8-34.7-22.9-42.6-42.6-11.7-29.5-9-99.5-9-132.1s-2.6-102.7 9-132.1c7.8-19.6 22.9-34.7 42.6-42.6 29.5-11.7 99.5-9 132.1-9s102.7-2.6 132.1 9c19.6 7.8 34.7 22.9 42.6 42.6 11.7 29.5 9 99.5 9 132.1s2.7 102.7-9 132.1z\"><\/path><\/svg>\t\t\t\t\t<\/a>\n\t\t\t\t<\/span>\n\t\t\t\t\t<\/div>\n\t\t\t\t\t\t<\/div>\n\t\t\t\t<\/div>\n\t\t\t\t\t<\/div>\n\t\t<\/div>\n\t\t\t\t<div class=\"elementor-column elementor-col-66 elementor-inner-column elementor-element elementor-element-e612657\" data-id=\"e612657\" data-element_type=\"column\" data-e-type=\"column\" data-settings=\"{&quot;background_background&quot;:&quot;classic&quot;}\">\n\t\t\t<div class=\"elementor-widget-wrap elementor-element-populated\">\n\t\t\t\t\t\t<div class=\"elementor-element elementor-element-d028113 elementor-widget-divider--view-line elementor-widget elementor-widget-divider\" data-id=\"d028113\" data-element_type=\"widget\" data-e-type=\"widget\" data-widget_type=\"divider.default\">\n\t\t\t\t<div class=\"elementor-widget-container\">\n\t\t\t\t\t\t\t<div class=\"elementor-divider\">\n\t\t\t<span class=\"elementor-divider-separator\">\n\t\t\t\t\t\t<\/span>\n\t\t<\/div>\n\t\t\t\t\t\t<\/div>\n\t\t\t\t<\/div>\n\t\t\t\t<div class=\"elementor-element elementor-element-3776f4a elementor-widget elementor-widget-text-editor\" data-id=\"3776f4a\" data-element_type=\"widget\" data-e-type=\"widget\" data-widget_type=\"text-editor.default\">\n\t\t\t\t<div class=\"elementor-widget-container\">\n\t\t\t\t\t\t\t\t\t<p style=\"font-weight: 400;\">Lorsque le langage conventionnel ne suffit plus, le corps habit\u00e9 par le sens devient un vecteur d&rsquo;histoires et de mises en dialogues des protagonistes. Trouver un terrain d&rsquo;entente par le mouvement. Voil\u00e0 une des pr\u00e9occupations qui traversent le geste cr\u00e9atif de Johanna Faye. Une conversation qui trouve sa source dans les inspirations plurielles de la chor\u00e9graphe, o\u00f9 l&rsquo;importance du rapport au sol extraite de sa pratique de <em>b-girl <\/em>c\u00f4toie la verticalit\u00e9 et l&rsquo;approche sensible de la danse contemporaine.<\/p><p style=\"font-weight: 400;\">Ce langage non verbal, Johanna Faye tient \u00e0 le r\u00e9habiliter comme la n\u00e9cessit\u00e9 de replonger nos attentions sur ce que les \u00eatres sont par instinct. Dans le rapport \u00e0 deux, tout d&rsquo;abord gr\u00e2ce \u00e0 <em>Iskio <\/em>(2015), premier essai chor\u00e9graphique \u00e9crit et interpr\u00e9t\u00e9 en bin\u00f4me avec <a href=\"https:\/\/underground.bzh\/index.php\/saido-lehlouh\/\">Sa\u00efdo Lehlouh<\/a>, o\u00f9 l&rsquo;alt\u00e9rit\u00e9 sert de point d&rsquo;appui \u00e0 l&rsquo;individu. Du duo au groupe, les deux membres de la compagnie Black Sheep passent le pas dans <em>Fact <\/em>(2017), un second travail pour sept interpr\u00e8tes dans lequel l\u2019environnement, humain comme mat\u00e9riel, conduit les \u00eatres mouvants \u00e0 dessiner de nouveaux contours \u00e0 leurs interactions.<\/p><p style=\"font-weight: 400;\">Finalement, c&rsquo;est dans le \u00ab chiffre magique \u00bb repr\u00e9sent\u00e9 par le trio que Johanna Faye trouve l&rsquo;\u00e9quilibre narratif pour sa pi\u00e8ce inaugurale en solo<em>. <\/em>Litt\u00e9ralement, \u00ab loin dedans \u00bb, ou \u00ab\u00a0 \u00e9loign\u00e9 de \u00bb en portugais, <em>Afastado Em <\/em>(2018) retrace les cheminements conjugu\u00e9s de trois danseuses aux pratiques \u00e9cart\u00e9es, entre flamenco, <em>krump<\/em> et contemporain. Dans un va-et-vient d\u00e9c\u00e9l\u00e9r\u00e9, la pi\u00e8ce se pr\u00e9sente comme une visite introspective des personnages par le geste ext\u00e9rieur, comme deux actes d&rsquo;une m\u00eame respiration contemplative.<\/p>\t\t\t\t\t\t\t\t<\/div>\n\t\t\t\t<\/div>\n\t\t\t\t<div class=\"elementor-element elementor-element-addbbdc elementor-widget-divider--view-line elementor-widget elementor-widget-divider\" data-id=\"addbbdc\" data-element_type=\"widget\" data-e-type=\"widget\" data-widget_type=\"divider.default\">\n\t\t\t\t<div class=\"elementor-widget-container\">\n\t\t\t\t\t\t\t<div class=\"elementor-divider\">\n\t\t\t<span class=\"elementor-divider-separator\">\n\t\t\t\t\t\t<\/span>\n\t\t<\/div>\n\t\t\t\t\t\t<\/div>\n\t\t\t\t<\/div>\n\t\t\t\t<div class=\"elementor-element elementor-element-3805b65 elementor-widget elementor-widget-video\" data-id=\"3805b65\" data-element_type=\"widget\" data-e-type=\"widget\" data-settings=\"{&quot;video_type&quot;:&quot;vimeo&quot;}\" data-widget_type=\"video.default\">\n\t\t\t\t<div class=\"elementor-widget-container\">\n\t\t\t\t\t\t\t<div class=\"elementor-wrapper elementor-open-inline\">\n\t\t\t<iframe class=\"elementor-video-iframe\" allowfullscreen allow=\"clipboard-write\" title=\"Lecteur vid\u00e9o vimeo\" src=\"https:\/\/player.vimeo.com\/video\/727441991?color&amp;autopause=0&amp;loop=0&amp;muted=0&amp;title=1&amp;portrait=0&amp;byline=0#t=\"><\/iframe>\t\t<\/div>\n\t\t\t\t\t\t<\/div>\n\t\t\t\t<\/div>\n\t\t\t\t<div class=\"elementor-element elementor-element-4d04647 elementor-widget-divider--view-line elementor-widget elementor-widget-divider\" data-id=\"4d04647\" data-element_type=\"widget\" data-e-type=\"widget\" data-widget_type=\"divider.default\">\n\t\t\t\t<div class=\"elementor-widget-container\">\n\t\t\t\t\t\t\t<div class=\"elementor-divider\">\n\t\t\t<span class=\"elementor-divider-separator\">\n\t\t\t\t\t\t<\/span>\n\t\t<\/div>\n\t\t\t\t\t\t<\/div>\n\t\t\t\t<\/div>\n\t\t\t\t<div class=\"elementor-element elementor-element-b51c423 elementor-widget elementor-widget-text-editor\" data-id=\"b51c423\" data-element_type=\"widget\" data-e-type=\"widget\" data-widget_type=\"text-editor.default\">\n\t\t\t\t<div class=\"elementor-widget-container\">\n\t\t\t\t\t\t\t\t\t<p>En 2021, Johanna Faye et Sa\u00efdo Lehlouh signent\u00a0<em>Earthbound<\/em>, une chor\u00e9graphie qui c\u00e9l\u00e8bre la diversit\u00e9 d\u2019une sc\u00e8ne hip hop rebelle et underground, tout en interrogeant les codes de la performance au plateau. N\u00e9 de la rencontre avec le clarinettiste Guillaume Humery, le pianiste jazz L\u00e9o Jassef et le danseur-jiujitsuka Julien Fouch\u00e9,\u00a0<em>Inner<\/em>\u00a0(2022) est un moment de partage qui laisse r\u00e9sonner spontan\u00e9ment corps et musique.<\/p><p>Johanna Faye a \u00e9t\u00e9 membre du Collectif FAIR-E, co-directrice du CCN de Rennes et de Bretagne de janvier 2019 \u00e0 f\u00e9vrier 2022.<\/p>\t\t\t\t\t\t\t\t<\/div>\n\t\t\t\t<\/div>\n\t\t\t\t<div class=\"elementor-element elementor-element-a68dbfc elementor-widget-divider--view-line elementor-widget elementor-widget-divider\" data-id=\"a68dbfc\" data-element_type=\"widget\" data-e-type=\"widget\" data-widget_type=\"divider.default\">\n\t\t\t\t<div class=\"elementor-widget-container\">\n\t\t\t\t\t\t\t<div class=\"elementor-divider\">\n\t\t\t<span class=\"elementor-divider-separator\">\n\t\t\t\t\t\t<\/span>\n\t\t<\/div>\n\t\t\t\t\t\t<\/div>\n\t\t\t\t<\/div>\n\t\t\t\t<div class=\"elementor-element elementor-element-af3cff3 elementor-widget elementor-widget-spacer\" data-id=\"af3cff3\" data-element_type=\"widget\" data-e-type=\"widget\" data-widget_type=\"spacer.default\">\n\t\t\t\t<div class=\"elementor-widget-container\">\n\t\t\t\t\t\t\t<div class=\"elementor-spacer\">\n\t\t\t<div class=\"elementor-spacer-inner\"><\/div>\n\t\t<\/div>\n\t\t\t\t\t\t<\/div>\n\t\t\t\t<\/div>\n\t\t\t\t\t<\/div>\n\t\t<\/div>\n\t\t\t\t\t<\/div>\n\t\t<\/section>\n\t\t\t\t<div class=\"elementor-element elementor-element-5a70a68 elementor-widget elementor-widget-spacer\" data-id=\"5a70a68\" data-element_type=\"widget\" data-e-type=\"widget\" data-widget_type=\"spacer.default\">\n\t\t\t\t<div class=\"elementor-widget-container\">\n\t\t\t\t\t\t\t<div class=\"elementor-spacer\">\n\t\t\t<div class=\"elementor-spacer-inner\"><\/div>\n\t\t<\/div>\n\t\t\t\t\t\t<\/div>\n\t\t\t\t<\/div>\n\t\t\t\t\t<\/div>\n\t\t<\/div>\n\t\t\t\t\t<\/div>\n\t\t<\/section>\n\t\t\t\t<\/div>\n\t\t","protected":false},"excerpt":{"rendered":"<p>JOHANNA FAYE CHOR\u00c9GRAPHE \/ DANSEUSE \u00a9 J\u00e9r\u00f4me Bonnet 21 juin 2024 INTERF\u00c9RENCES #5 H\u00f4tel Pasteur 12:00 22 juin 2024 INTERF\u00c9RENCES #6 H\u00f4tel Pasteur 10:00 Instagram Lorsque le langage conventionnel ne suffit plus, le corps habit\u00e9 par le sens devient un vecteur d&rsquo;histoires et de mises en dialogues des protagonistes. Trouver un terrain d&rsquo;entente par le [&hellip;]<\/p>\n","protected":false},"author":1,"featured_media":0,"parent":0,"menu_order":0,"comment_status":"closed","ping_status":"closed","template":"page-full-width.php","meta":{"footnotes":""},"class_list":["post-9272","page","type-page","status-publish","hentry"],"_links":{"self":[{"href":"https:\/\/underground.bzh\/index.php\/wp-json\/wp\/v2\/pages\/9272","targetHints":{"allow":["GET"]}}],"collection":[{"href":"https:\/\/underground.bzh\/index.php\/wp-json\/wp\/v2\/pages"}],"about":[{"href":"https:\/\/underground.bzh\/index.php\/wp-json\/wp\/v2\/types\/page"}],"author":[{"embeddable":true,"href":"https:\/\/underground.bzh\/index.php\/wp-json\/wp\/v2\/users\/1"}],"replies":[{"embeddable":true,"href":"https:\/\/underground.bzh\/index.php\/wp-json\/wp\/v2\/comments?post=9272"}],"version-history":[{"count":16,"href":"https:\/\/underground.bzh\/index.php\/wp-json\/wp\/v2\/pages\/9272\/revisions"}],"predecessor-version":[{"id":10567,"href":"https:\/\/underground.bzh\/index.php\/wp-json\/wp\/v2\/pages\/9272\/revisions\/10567"}],"wp:attachment":[{"href":"https:\/\/underground.bzh\/index.php\/wp-json\/wp\/v2\/media?parent=9272"}],"curies":[{"name":"wp","href":"https:\/\/api.w.org\/{rel}","templated":true}]}}