{"id":9280,"date":"2024-04-01T18:33:17","date_gmt":"2024-04-01T16:33:17","guid":{"rendered":"https:\/\/underground.bzh\/?page_id=9280"},"modified":"2024-04-18T07:20:18","modified_gmt":"2024-04-18T05:20:18","slug":"mioshe","status":"publish","type":"page","link":"https:\/\/underground.bzh\/index.php\/mioshe\/","title":{"rendered":"Mioshe"},"content":{"rendered":"\t\t<div data-elementor-type=\"wp-page\" data-elementor-id=\"9280\" class=\"elementor elementor-9280\">\n\t\t\t\t\t\t<section class=\"elementor-section elementor-top-section elementor-element elementor-element-af84573 elementor-section-full_width elementor-section-height-default elementor-section-height-default qodef-elementor-content-no\" data-id=\"af84573\" data-element_type=\"section\" data-e-type=\"section\">\n\t\t\t\t\t\t<div class=\"elementor-container elementor-column-gap-default\">\n\t\t\t\t\t<div class=\"elementor-column elementor-col-100 elementor-top-column elementor-element elementor-element-ba3f1dc\" data-id=\"ba3f1dc\" data-element_type=\"column\" data-e-type=\"column\">\n\t\t\t<div class=\"elementor-widget-wrap elementor-element-populated\">\n\t\t\t\t\t\t<div class=\"elementor-element elementor-element-f747436 elementor-widget elementor-widget-micdrop_core_section_title\" data-id=\"f747436\" data-element_type=\"widget\" data-e-type=\"widget\" data-widget_type=\"micdrop_core_section_title.default\">\n\t\t\t\t<div class=\"elementor-widget-container\">\n\t\t\t\t\t<div class=\"qodef-shortcode qodef-m  qodef-section-title qodef-alignment--left   qodef-title-border-bottom\">\n\t\t\t<h1 class=\"qodef-m-title\" >\n\t\t\t\t\tMIOSHE\t\t\t<\/h1>\n\t\t<p class=\"qodef-m-text\" >ARTISTE VISUEL\n<\/p>\n\t\t<div class=\"qodef-m-button\" >\n\t\t\t\t\t\t\t\t\t\t\t\t\t\t\t<\/div>\n<\/div>\n\t\t\t\t<\/div>\n\t\t\t\t<\/div>\n\t\t\t\t<section class=\"elementor-section elementor-inner-section elementor-element elementor-element-6029920 elementor-section-full_width elementor-section-height-default elementor-section-height-default qodef-elementor-content-no\" data-id=\"6029920\" data-element_type=\"section\" data-e-type=\"section\">\n\t\t\t\t\t\t<div class=\"elementor-container elementor-column-gap-default\">\n\t\t\t\t\t<div class=\"elementor-column elementor-col-33 elementor-inner-column elementor-element elementor-element-839be68\" data-id=\"839be68\" data-element_type=\"column\" data-e-type=\"column\">\n\t\t\t<div class=\"elementor-widget-wrap elementor-element-populated\">\n\t\t\t\t\t\t<div class=\"elementor-element elementor-element-a831acf elementor-widget elementor-widget-image\" data-id=\"a831acf\" data-element_type=\"widget\" data-e-type=\"widget\" data-widget_type=\"image.default\">\n\t\t\t\t<div class=\"elementor-widget-container\">\n\t\t\t\t\t\t\t\t\t\t\t\t<figure class=\"wp-caption\">\n\t\t\t\t\t\t\t\t\t\t<img fetchpriority=\"high\" decoding=\"async\" width=\"600\" height=\"869\" src=\"https:\/\/underground.bzh\/wp-content\/uploads\/2024\/04\/MIOSHE_credit_Clack-David-Gallard.webp\" class=\"attachment-micdrop_core_image_size_portrait size-micdrop_core_image_size_portrait wp-image-9809\" alt=\"Photo de l&#039;artiste Mioche\" srcset=\"https:\/\/underground.bzh\/wp-content\/uploads\/2024\/04\/MIOSHE_credit_Clack-David-Gallard.webp 600w, https:\/\/underground.bzh\/wp-content\/uploads\/2024\/04\/MIOSHE_credit_Clack-David-Gallard-207x300.webp 207w\" sizes=\"(max-width: 600px) 100vw, 600px\" \/>\t\t\t\t\t\t\t\t\t\t\t<figcaption class=\"widget-image-caption wp-caption-text\">\u00a9 Clack David Gallard<\/figcaption>\n\t\t\t\t\t\t\t\t\t\t<\/figure>\n\t\t\t\t\t\t\t\t\t<\/div>\n\t\t\t\t<\/div>\n\t\t\t\t<div class=\"elementor-element elementor-element-d4acb90 elementor-widget-divider--view-line elementor-widget elementor-widget-divider\" data-id=\"d4acb90\" data-element_type=\"widget\" data-e-type=\"widget\" data-widget_type=\"divider.default\">\n\t\t\t\t<div class=\"elementor-widget-container\">\n\t\t\t\t\t\t\t<div class=\"elementor-divider\">\n\t\t\t<span class=\"elementor-divider-separator\">\n\t\t\t\t\t\t<\/span>\n\t\t<\/div>\n\t\t\t\t\t\t<\/div>\n\t\t\t\t<\/div>\n\t\t\t\t<div class=\"elementor-element elementor-element-c01d752 elementor-widget elementor-widget-micdrop_core_events_list\" data-id=\"c01d752\" data-element_type=\"widget\" data-e-type=\"widget\" data-widget_type=\"micdrop_core_events_list.default\">\n\t\t\t\t<div class=\"elementor-widget-container\">\n\t\t\t\t\t<div class=\"qodef-shortcode qodef-m  qodef-events-list qodef-item-layout--calendar qodef-top-info-title-tag--h5   qodef-top-info--yes qodef-grid qodef-layout--columns    qodef-item-layout--calendar qodef--no-bottom-space qodef-pagination--off qodef-responsive--predefined\" data-options=\"{&quot;plugin&quot;:&quot;micdrop_core&quot;,&quot;module&quot;:&quot;post-types\\\/events\\\/shortcodes&quot;,&quot;shortcode&quot;:&quot;events-list&quot;,&quot;post_type&quot;:&quot;event-item&quot;,&quot;next_page&quot;:&quot;2&quot;,&quot;max_pages_num&quot;:1,&quot;row_reverse&quot;:&quot;no&quot;,&quot;posts_per_page&quot;:&quot;1&quot;,&quot;orderby&quot;:&quot;ID&quot;,&quot;additional_params&quot;:&quot;id&quot;,&quot;post_ids&quot;:&quot;8541&quot;,&quot;layout&quot;:&quot;calendar&quot;,&quot;title_tag&quot;:&quot;span&quot;,&quot;pagination_type&quot;:&quot;no-pagination&quot;,&quot;show_top_info&quot;:&quot;yes&quot;,&quot;top_info_title&quot;:&quot;21 juin 2024&quot;,&quot;top_info_title_tag&quot;:&quot;h5&quot;,&quot;top_info_link_text&quot;:&quot;Show All&quot;,&quot;object_class_name&quot;:&quot;MicdropCore_Events_List_Shortcode&quot;,&quot;behavior&quot;:&quot;columns&quot;,&quot;additional_query_args&quot;:{&quot;orderby&quot;:&quot;post__in&quot;,&quot;post__in&quot;:[&quot;8541&quot;]},&quot;item_classes&quot;:&quot;qodef-e qodef-grid-item&quot;}\" >\n\t\t<div class=\"qodef-m-top-info\">\n\t\t\t\t\t<h5 itemprop=\"name\" class=\"qodef-e-title entry-title\">\n\t\t\t21 juin 2024\t\t\t<\/h5>\n\t\t\n\t\t\t<\/div>\n\t\t<div class=\"qodef-grid-inner clear\">\n\t\t<div class=\"qodef-e qodef-grid-item\">\n\t<div class=\"qodef-e-inner\">\n\t\t<div class=\"qodef-e-heading\">\n\t\t\t<span itemprop=\"name\" class=\"qodef-e-title entry-title\" >\n\t<a itemprop=\"url\" class=\"qodef-e-title-link\" href=\"https:\/\/underground.bzh\/index.php\/event-item\/interferences-5\/\">\n\t\tINTERF\u00c9RENCE(S) #5 THE SOUND IS YOURS\t<\/a>\n<\/span>\n\t\t<\/div>\n\t\t\t<div class=\"qodef-e-stage-time\">\n\t\t\t\t\t<span class=\"qodef-e-stage\">\n\t\t\t\tH\u00f4tel Pasteur\t\t\t<\/span>\n\t\t\t\t\t\t\t<span class=\"qodef-e-time\">\n\t\t\t\t19:00\t\t\t<\/span>\n\t\t\t<\/div>\n\t<\/div>\n<\/div>\n\t<\/div>\n\t<\/div>\n\t\t\t\t<\/div>\n\t\t\t\t<\/div>\n\t\t\t\t<div class=\"elementor-element elementor-element-e043151 elementor-widget elementor-widget-micdrop_core_events_list\" data-id=\"e043151\" data-element_type=\"widget\" data-e-type=\"widget\" data-widget_type=\"micdrop_core_events_list.default\">\n\t\t\t\t<div class=\"elementor-widget-container\">\n\t\t\t\t\t<div class=\"qodef-shortcode qodef-m  qodef-events-list qodef-item-layout--calendar qodef-top-info-title-tag--h5   qodef-top-info--yes qodef-grid qodef-layout--columns    qodef-item-layout--calendar qodef--no-bottom-space qodef-pagination--off qodef-responsive--predefined\" data-options=\"{&quot;plugin&quot;:&quot;micdrop_core&quot;,&quot;module&quot;:&quot;post-types\\\/events\\\/shortcodes&quot;,&quot;shortcode&quot;:&quot;events-list&quot;,&quot;post_type&quot;:&quot;event-item&quot;,&quot;next_page&quot;:&quot;2&quot;,&quot;max_pages_num&quot;:1,&quot;row_reverse&quot;:&quot;no&quot;,&quot;posts_per_page&quot;:&quot;1&quot;,&quot;orderby&quot;:&quot;ID&quot;,&quot;additional_params&quot;:&quot;id&quot;,&quot;post_ids&quot;:&quot;8543&quot;,&quot;layout&quot;:&quot;calendar&quot;,&quot;title_tag&quot;:&quot;span&quot;,&quot;pagination_type&quot;:&quot;no-pagination&quot;,&quot;show_top_info&quot;:&quot;yes&quot;,&quot;top_info_title&quot;:&quot;22 juin 2024&quot;,&quot;top_info_title_tag&quot;:&quot;h5&quot;,&quot;top_info_link_text&quot;:&quot;Show All&quot;,&quot;object_class_name&quot;:&quot;MicdropCore_Events_List_Shortcode&quot;,&quot;behavior&quot;:&quot;columns&quot;,&quot;additional_query_args&quot;:{&quot;orderby&quot;:&quot;post__in&quot;,&quot;post__in&quot;:[&quot;8543&quot;]},&quot;item_classes&quot;:&quot;qodef-e qodef-grid-item&quot;}\" >\n\t\t<div class=\"qodef-m-top-info\">\n\t\t\t\t\t<h5 itemprop=\"name\" class=\"qodef-e-title entry-title\">\n\t\t\t22 juin 2024\t\t\t<\/h5>\n\t\t\n\t\t\t<\/div>\n\t\t<div class=\"qodef-grid-inner clear\">\n\t\t<div class=\"qodef-e qodef-grid-item\">\n\t<div class=\"qodef-e-inner\">\n\t\t<div class=\"qodef-e-heading\">\n\t\t\t<span itemprop=\"name\" class=\"qodef-e-title entry-title\" >\n\t<a itemprop=\"url\" class=\"qodef-e-title-link\" href=\"https:\/\/underground.bzh\/index.php\/event-item\/interferences-6\/\">\n\t\tINTERF\u00c9RENCE(S) #6 IMMERSION ARTISTIQUE + VORTEX ROOKIES\t<\/a>\n<\/span>\n\t\t<\/div>\n\t\t\t<div class=\"qodef-e-stage-time\">\n\t\t\t\t\t<span class=\"qodef-e-stage\">\n\t\t\t\tH\u00f4tel Pasteur\t\t\t<\/span>\n\t\t\t\t\t\t\t<span class=\"qodef-e-time\">\n\t\t\t\t10:00\t\t\t<\/span>\n\t\t\t<\/div>\n\t<\/div>\n<\/div>\n\t<\/div>\n\t<\/div>\n\t\t\t\t<\/div>\n\t\t\t\t<\/div>\n\t\t\t\t<div class=\"elementor-element elementor-element-7248d38 elementor-shape-square elementor-grid-3 e-grid-align-center elementor-widget elementor-widget-social-icons\" data-id=\"7248d38\" data-element_type=\"widget\" data-e-type=\"widget\" data-widget_type=\"social-icons.default\">\n\t\t\t\t<div class=\"elementor-widget-container\">\n\t\t\t\t\t\t\t<div class=\"elementor-social-icons-wrapper elementor-grid\" role=\"list\">\n\t\t\t\t\t\t\t<span class=\"elementor-grid-item\" role=\"listitem\">\n\t\t\t\t\t<a class=\"elementor-icon elementor-social-icon elementor-social-icon-instagram elementor-repeater-item-20758ea\" href=\"https:\/\/www.instagram.com\/mioshe_\/\" target=\"_blank\">\n\t\t\t\t\t\t<span class=\"elementor-screen-only\">Instagram<\/span>\n\t\t\t\t\t\t<svg aria-hidden=\"true\" class=\"e-font-icon-svg e-fab-instagram\" viewBox=\"0 0 448 512\" xmlns=\"http:\/\/www.w3.org\/2000\/svg\"><path d=\"M224.1 141c-63.6 0-114.9 51.3-114.9 114.9s51.3 114.9 114.9 114.9S339 319.5 339 255.9 287.7 141 224.1 141zm0 189.6c-41.1 0-74.7-33.5-74.7-74.7s33.5-74.7 74.7-74.7 74.7 33.5 74.7 74.7-33.6 74.7-74.7 74.7zm146.4-194.3c0 14.9-12 26.8-26.8 26.8-14.9 0-26.8-12-26.8-26.8s12-26.8 26.8-26.8 26.8 12 26.8 26.8zm76.1 27.2c-1.7-35.9-9.9-67.7-36.2-93.9-26.2-26.2-58-34.4-93.9-36.2-37-2.1-147.9-2.1-184.9 0-35.8 1.7-67.6 9.9-93.9 36.1s-34.4 58-36.2 93.9c-2.1 37-2.1 147.9 0 184.9 1.7 35.9 9.9 67.7 36.2 93.9s58 34.4 93.9 36.2c37 2.1 147.9 2.1 184.9 0 35.9-1.7 67.7-9.9 93.9-36.2 26.2-26.2 34.4-58 36.2-93.9 2.1-37 2.1-147.8 0-184.8zM398.8 388c-7.8 19.6-22.9 34.7-42.6 42.6-29.5 11.7-99.5 9-132.1 9s-102.7 2.6-132.1-9c-19.6-7.8-34.7-22.9-42.6-42.6-11.7-29.5-9-99.5-9-132.1s-2.6-102.7 9-132.1c7.8-19.6 22.9-34.7 42.6-42.6 29.5-11.7 99.5-9 132.1-9s102.7-2.6 132.1 9c19.6 7.8 34.7 22.9 42.6 42.6 11.7 29.5 9 99.5 9 132.1s2.7 102.7-9 132.1z\"><\/path><\/svg>\t\t\t\t\t<\/a>\n\t\t\t\t<\/span>\n\t\t\t\t\t\t\t<span class=\"elementor-grid-item\" role=\"listitem\">\n\t\t\t\t\t<a class=\"elementor-icon elementor-social-icon elementor-social-icon-link elementor-repeater-item-7941c5e\" href=\"https:\/\/www.mioshe.fr\/bio\" target=\"_blank\">\n\t\t\t\t\t\t<span class=\"elementor-screen-only\">Link<\/span>\n\t\t\t\t\t\t<svg aria-hidden=\"true\" class=\"e-font-icon-svg e-fas-link\" viewBox=\"0 0 512 512\" xmlns=\"http:\/\/www.w3.org\/2000\/svg\"><path d=\"M326.612 185.391c59.747 59.809 58.927 155.698.36 214.59-.11.12-.24.25-.36.37l-67.2 67.2c-59.27 59.27-155.699 59.262-214.96 0-59.27-59.26-59.27-155.7 0-214.96l37.106-37.106c9.84-9.84 26.786-3.3 27.294 10.606.648 17.722 3.826 35.527 9.69 52.721 1.986 5.822.567 12.262-3.783 16.612l-13.087 13.087c-28.026 28.026-28.905 73.66-1.155 101.96 28.024 28.579 74.086 28.749 102.325.51l67.2-67.19c28.191-28.191 28.073-73.757 0-101.83-3.701-3.694-7.429-6.564-10.341-8.569a16.037 16.037 0 0 1-6.947-12.606c-.396-10.567 3.348-21.456 11.698-29.806l21.054-21.055c5.521-5.521 14.182-6.199 20.584-1.731a152.482 152.482 0 0 1 20.522 17.197zM467.547 44.449c-59.261-59.262-155.69-59.27-214.96 0l-67.2 67.2c-.12.12-.25.25-.36.37-58.566 58.892-59.387 154.781.36 214.59a152.454 152.454 0 0 0 20.521 17.196c6.402 4.468 15.064 3.789 20.584-1.731l21.054-21.055c8.35-8.35 12.094-19.239 11.698-29.806a16.037 16.037 0 0 0-6.947-12.606c-2.912-2.005-6.64-4.875-10.341-8.569-28.073-28.073-28.191-73.639 0-101.83l67.2-67.19c28.239-28.239 74.3-28.069 102.325.51 27.75 28.3 26.872 73.934-1.155 101.96l-13.087 13.087c-4.35 4.35-5.769 10.79-3.783 16.612 5.864 17.194 9.042 34.999 9.69 52.721.509 13.906 17.454 20.446 27.294 10.606l37.106-37.106c59.271-59.259 59.271-155.699.001-214.959z\"><\/path><\/svg>\t\t\t\t\t<\/a>\n\t\t\t\t<\/span>\n\t\t\t\t\t<\/div>\n\t\t\t\t\t\t<\/div>\n\t\t\t\t<\/div>\n\t\t\t\t\t<\/div>\n\t\t<\/div>\n\t\t\t\t<div class=\"elementor-column elementor-col-66 elementor-inner-column elementor-element elementor-element-e612657\" data-id=\"e612657\" data-element_type=\"column\" data-e-type=\"column\" data-settings=\"{&quot;background_background&quot;:&quot;classic&quot;}\">\n\t\t\t<div class=\"elementor-widget-wrap elementor-element-populated\">\n\t\t\t\t\t\t<div class=\"elementor-element elementor-element-d028113 elementor-widget-divider--view-line elementor-widget elementor-widget-divider\" data-id=\"d028113\" data-element_type=\"widget\" data-e-type=\"widget\" data-widget_type=\"divider.default\">\n\t\t\t\t<div class=\"elementor-widget-container\">\n\t\t\t\t\t\t\t<div class=\"elementor-divider\">\n\t\t\t<span class=\"elementor-divider-separator\">\n\t\t\t\t\t\t<\/span>\n\t\t<\/div>\n\t\t\t\t\t\t<\/div>\n\t\t\t\t<\/div>\n\t\t\t\t<div class=\"elementor-element elementor-element-3776f4a elementor-widget elementor-widget-text-editor\" data-id=\"3776f4a\" data-element_type=\"widget\" data-e-type=\"widget\" data-widget_type=\"text-editor.default\">\n\t\t\t\t<div class=\"elementor-widget-container\">\n\t\t\t\t\t\t\t\t\t<div id=\"bgLayers_comp-lgv2m38e1\" class=\"MW5IWV\" data-hook=\"bgLayers\" data-motion-part=\"BG_LAYER\"><div id=\"bgMedia_comp-lgv2m38e1\" class=\"VgO9Yg\" data-motion-part=\"BG_MEDIA\">Antoine Martinet dit Mioshe dessine et peint sur le mur et sur la toile la relation entre l\u2019humain, l&rsquo;urbain, la nature et l\u2019espace dans lesquels ses \u00e9l\u00e9ments s\u2019inscrivent. Son univers m\u00eale figures hybrides et chim\u00e9riques, la faune et la flore, le masculin et le f\u00e9minin, le cosmique et l\u2019historique.<\/div><\/div><div class=\"\" data-mesh-id=\"comp-lgv2m38e1inlineContent\" data-testid=\"inline-content\"><div data-mesh-id=\"comp-lgv2m38e1inlineContent-gridContainer\" data-testid=\"mesh-container-content\"><div id=\"comp-kisojkeh\" class=\"c9GqVL QxJLC3 comp-kisojkeh wixui-rich-text\" data-testid=\"richTextElement\"><p class=\"font_7 wixui-rich-text__text\"><span class=\"wixui-rich-text__text\">\u00c0 la fois paysag\u00e8res et parfois cartographiques, ses compositions picturales peuvent faire penser \u00e0 certaines peintures de la Renaissance flamande, ou encore, dans un registre plus lointain, aux arch\u00e9types de la Gr\u00e8ce antique ou l\u2019Egypte ancienne.<\/span><\/p><p class=\"font_7 wixui-rich-text__text\"><span class=\"wixui-rich-text__text\">Ces voyages \u00e0 travers les \u00e9poques lui permettent de mettre en lumi\u00e8re des sujets sensibles notamment dans son travail de tapisseries et de peinture sur jarres : La consommation des ressources naturelles, les zones \u00e0 d\u00e9fendre ou encore les rapports de dominations en soci\u00e9t\u00e9 sont autant de th\u00e8mes que l\u2019artiste tente d\u2019aborder dans ces oeuvres.<\/span><\/p><\/div><\/div><\/div>\t\t\t\t\t\t\t\t<\/div>\n\t\t\t\t<\/div>\n\t\t\t\t<div class=\"elementor-element elementor-element-addbbdc elementor-widget-divider--view-line elementor-widget elementor-widget-divider\" data-id=\"addbbdc\" data-element_type=\"widget\" data-e-type=\"widget\" data-widget_type=\"divider.default\">\n\t\t\t\t<div class=\"elementor-widget-container\">\n\t\t\t\t\t\t\t<div class=\"elementor-divider\">\n\t\t\t<span class=\"elementor-divider-separator\">\n\t\t\t\t\t\t<\/span>\n\t\t<\/div>\n\t\t\t\t\t\t<\/div>\n\t\t\t\t<\/div>\n\t\t\t\t<div class=\"elementor-element elementor-element-3805b65 elementor-widget elementor-widget-video\" data-id=\"3805b65\" data-element_type=\"widget\" data-e-type=\"widget\" data-settings=\"{&quot;youtube_url&quot;:&quot;https:\\\/\\\/youtu.be\\\/MV_QcI0LI1M?si=Ec6QfKccIR83j1HD&quot;,&quot;video_type&quot;:&quot;youtube&quot;,&quot;controls&quot;:&quot;yes&quot;}\" data-widget_type=\"video.default\">\n\t\t\t\t<div class=\"elementor-widget-container\">\n\t\t\t\t\t\t\t<div class=\"elementor-wrapper elementor-open-inline\">\n\t\t\t<div class=\"elementor-video\"><\/div>\t\t<\/div>\n\t\t\t\t\t\t<\/div>\n\t\t\t\t<\/div>\n\t\t\t\t<div class=\"elementor-element elementor-element-4d04647 elementor-widget-divider--view-line elementor-widget elementor-widget-divider\" data-id=\"4d04647\" data-element_type=\"widget\" data-e-type=\"widget\" data-widget_type=\"divider.default\">\n\t\t\t\t<div class=\"elementor-widget-container\">\n\t\t\t\t\t\t\t<div class=\"elementor-divider\">\n\t\t\t<span class=\"elementor-divider-separator\">\n\t\t\t\t\t\t<\/span>\n\t\t<\/div>\n\t\t\t\t\t\t<\/div>\n\t\t\t\t<\/div>\n\t\t\t\t<div class=\"elementor-element elementor-element-b51c423 elementor-widget elementor-widget-text-editor\" data-id=\"b51c423\" data-element_type=\"widget\" data-e-type=\"widget\" data-widget_type=\"text-editor.default\">\n\t\t\t\t<div class=\"elementor-widget-container\">\n\t\t\t\t\t\t\t\t\t<p class=\"font_7 wixui-rich-text__text\"><span class=\"wixui-rich-text__text\">Depuis une d\u00e9cennie un bon nombre de ses interventions prennent place dans l\u2019espace public en France mais aussi \u00e0 travers des r\u00e9alisations murales en partenariat avec les Instituts fran\u00e7ais (Phnom Penh en 2016, Saint-Petersbourg en 2019 et plus r\u00e9cemment Bucarest en 2022).<\/span><\/p><p class=\"font_7 wixui-rich-text__text\"><span class=\"wixui-rich-text__text\">Le travail d\u00e9ploy\u00e9 est n\u00e9cessairement en r\u00e9sonance avec l\u2019environnement. <\/span><span class=\"wixui-rich-text__text\">L\u2019architecture, les couleurs du paysage et l\u2019histoire des lieux sont autant de mati\u00e8re \u00e0 consid\u00e9rer pour la narration picturale de la future cr\u00e9ation.<\/span><\/p>\t\t\t\t\t\t\t\t<\/div>\n\t\t\t\t<\/div>\n\t\t\t\t<div class=\"elementor-element elementor-element-a68dbfc elementor-widget-divider--view-line elementor-widget elementor-widget-divider\" data-id=\"a68dbfc\" data-element_type=\"widget\" data-e-type=\"widget\" data-widget_type=\"divider.default\">\n\t\t\t\t<div class=\"elementor-widget-container\">\n\t\t\t\t\t\t\t<div class=\"elementor-divider\">\n\t\t\t<span class=\"elementor-divider-separator\">\n\t\t\t\t\t\t<\/span>\n\t\t<\/div>\n\t\t\t\t\t\t<\/div>\n\t\t\t\t<\/div>\n\t\t\t\t<div class=\"elementor-element elementor-element-af3cff3 elementor-widget elementor-widget-spacer\" data-id=\"af3cff3\" data-element_type=\"widget\" data-e-type=\"widget\" data-widget_type=\"spacer.default\">\n\t\t\t\t<div class=\"elementor-widget-container\">\n\t\t\t\t\t\t\t<div class=\"elementor-spacer\">\n\t\t\t<div class=\"elementor-spacer-inner\"><\/div>\n\t\t<\/div>\n\t\t\t\t\t\t<\/div>\n\t\t\t\t<\/div>\n\t\t\t\t\t<\/div>\n\t\t<\/div>\n\t\t\t\t\t<\/div>\n\t\t<\/section>\n\t\t\t\t<div class=\"elementor-element elementor-element-74be26f elementor-widget elementor-widget-spacer\" data-id=\"74be26f\" data-element_type=\"widget\" data-e-type=\"widget\" data-widget_type=\"spacer.default\">\n\t\t\t\t<div class=\"elementor-widget-container\">\n\t\t\t\t\t\t\t<div class=\"elementor-spacer\">\n\t\t\t<div class=\"elementor-spacer-inner\"><\/div>\n\t\t<\/div>\n\t\t\t\t\t\t<\/div>\n\t\t\t\t<\/div>\n\t\t\t\t\t<\/div>\n\t\t<\/div>\n\t\t\t\t\t<\/div>\n\t\t<\/section>\n\t\t\t\t<\/div>\n\t\t","protected":false},"excerpt":{"rendered":"<p>MIOSHE ARTISTE VISUEL \u00a9 Clack David Gallard 21 juin 2024 INTERF\u00c9RENCES #5 H\u00f4tel Pasteur 14:00 22 juin 2024 INTERF\u00c9RENCES #6 H\u00f4tel Pasteur 10:00 Instagram Link Antoine Martinet dit Mioshe dessine et peint sur le mur et sur la toile la relation entre l\u2019humain, l&rsquo;urbain, la nature et l\u2019espace dans lesquels ses \u00e9l\u00e9ments s\u2019inscrivent. Son univers [&hellip;]<\/p>\n","protected":false},"author":1,"featured_media":0,"parent":0,"menu_order":0,"comment_status":"closed","ping_status":"closed","template":"page-full-width.php","meta":{"footnotes":""},"class_list":["post-9280","page","type-page","status-publish","hentry"],"_links":{"self":[{"href":"https:\/\/underground.bzh\/index.php\/wp-json\/wp\/v2\/pages\/9280","targetHints":{"allow":["GET"]}}],"collection":[{"href":"https:\/\/underground.bzh\/index.php\/wp-json\/wp\/v2\/pages"}],"about":[{"href":"https:\/\/underground.bzh\/index.php\/wp-json\/wp\/v2\/types\/page"}],"author":[{"embeddable":true,"href":"https:\/\/underground.bzh\/index.php\/wp-json\/wp\/v2\/users\/1"}],"replies":[{"embeddable":true,"href":"https:\/\/underground.bzh\/index.php\/wp-json\/wp\/v2\/comments?post=9280"}],"version-history":[{"count":20,"href":"https:\/\/underground.bzh\/index.php\/wp-json\/wp\/v2\/pages\/9280\/revisions"}],"predecessor-version":[{"id":11310,"href":"https:\/\/underground.bzh\/index.php\/wp-json\/wp\/v2\/pages\/9280\/revisions\/11310"}],"wp:attachment":[{"href":"https:\/\/underground.bzh\/index.php\/wp-json\/wp\/v2\/media?parent=9280"}],"curies":[{"name":"wp","href":"https:\/\/api.w.org\/{rel}","templated":true}]}}