{"id":9335,"date":"2024-04-01T19:58:14","date_gmt":"2024-04-01T17:58:14","guid":{"rendered":"https:\/\/underground.bzh\/?page_id=9335"},"modified":"2024-04-15T10:05:00","modified_gmt":"2024-04-15T08:05:00","slug":"laurene-marx","status":"publish","type":"page","link":"https:\/\/underground.bzh\/index.php\/laurene-marx\/","title":{"rendered":"Laur\u00e8ne Marx"},"content":{"rendered":"\t\t<div data-elementor-type=\"wp-page\" data-elementor-id=\"9335\" class=\"elementor elementor-9335\">\n\t\t\t\t\t\t<section class=\"elementor-section elementor-top-section elementor-element elementor-element-af84573 elementor-section-full_width elementor-section-height-default elementor-section-height-default qodef-elementor-content-no\" data-id=\"af84573\" data-element_type=\"section\" data-e-type=\"section\">\n\t\t\t\t\t\t<div class=\"elementor-container elementor-column-gap-default\">\n\t\t\t\t\t<div class=\"elementor-column elementor-col-100 elementor-top-column elementor-element elementor-element-ba3f1dc\" data-id=\"ba3f1dc\" data-element_type=\"column\" data-e-type=\"column\">\n\t\t\t<div class=\"elementor-widget-wrap elementor-element-populated\">\n\t\t\t\t\t\t<div class=\"elementor-element elementor-element-f747436 elementor-widget elementor-widget-micdrop_core_section_title\" data-id=\"f747436\" data-element_type=\"widget\" data-e-type=\"widget\" data-widget_type=\"micdrop_core_section_title.default\">\n\t\t\t\t<div class=\"elementor-widget-container\">\n\t\t\t\t\t<div class=\"qodef-shortcode qodef-m  qodef-section-title qodef-alignment--left   qodef-title-border-bottom\">\n\t\t\t<h1 class=\"qodef-m-title\" >\n\t\t\t\t\tLAUR\u00c8NE MARX\t\t\t<\/h1>\n\t\t<p class=\"qodef-m-text\" >AUTRICE \/ PERFORMEUSE\n<\/p>\n\t\t<div class=\"qodef-m-button\" >\n\t\t\t\t\t\t\t\t\t\t\t\t\t\t\t<\/div>\n<\/div>\n\t\t\t\t<\/div>\n\t\t\t\t<\/div>\n\t\t\t\t<section class=\"elementor-section elementor-inner-section elementor-element elementor-element-6029920 elementor-section-full_width elementor-section-height-default elementor-section-height-default qodef-elementor-content-no\" data-id=\"6029920\" data-element_type=\"section\" data-e-type=\"section\">\n\t\t\t\t\t\t<div class=\"elementor-container elementor-column-gap-default\">\n\t\t\t\t\t<div class=\"elementor-column elementor-col-33 elementor-inner-column elementor-element elementor-element-839be68\" data-id=\"839be68\" data-element_type=\"column\" data-e-type=\"column\">\n\t\t\t<div class=\"elementor-widget-wrap elementor-element-populated\">\n\t\t\t\t\t\t<div class=\"elementor-element elementor-element-a831acf elementor-widget elementor-widget-image\" data-id=\"a831acf\" data-element_type=\"widget\" data-e-type=\"widget\" data-widget_type=\"image.default\">\n\t\t\t\t<div class=\"elementor-widget-container\">\n\t\t\t\t\t\t\t\t\t\t\t\t<figure class=\"wp-caption\">\n\t\t\t\t\t\t\t\t\t\t<img fetchpriority=\"high\" decoding=\"async\" width=\"600\" height=\"869\" src=\"https:\/\/underground.bzh\/wp-content\/uploads\/2024\/04\/MARX_A_VALIDER.webp\" class=\"attachment-micdrop_core_image_size_portrait size-micdrop_core_image_size_portrait wp-image-10589\" alt=\"Photo de l&#039;artiste LAUR\u00c8NE MARX\" srcset=\"https:\/\/underground.bzh\/wp-content\/uploads\/2024\/04\/MARX_A_VALIDER.webp 600w, https:\/\/underground.bzh\/wp-content\/uploads\/2024\/04\/MARX_A_VALIDER-207x300.webp 207w\" sizes=\"(max-width: 600px) 100vw, 600px\" \/>\t\t\t\t\t\t\t\t\t\t\t<figcaption class=\"widget-image-caption wp-caption-text\">\u00a9 DR<\/figcaption>\n\t\t\t\t\t\t\t\t\t\t<\/figure>\n\t\t\t\t\t\t\t\t\t<\/div>\n\t\t\t\t<\/div>\n\t\t\t\t<div class=\"elementor-element elementor-element-d4acb90 elementor-widget-divider--view-line elementor-widget elementor-widget-divider\" data-id=\"d4acb90\" data-element_type=\"widget\" data-e-type=\"widget\" data-widget_type=\"divider.default\">\n\t\t\t\t<div class=\"elementor-widget-container\">\n\t\t\t\t\t\t\t<div class=\"elementor-divider\">\n\t\t\t<span class=\"elementor-divider-separator\">\n\t\t\t\t\t\t<\/span>\n\t\t<\/div>\n\t\t\t\t\t\t<\/div>\n\t\t\t\t<\/div>\n\t\t\t\t<div class=\"elementor-element elementor-element-c24191d elementor-widget elementor-widget-micdrop_core_events_list\" data-id=\"c24191d\" data-element_type=\"widget\" data-e-type=\"widget\" data-widget_type=\"micdrop_core_events_list.default\">\n\t\t\t\t<div class=\"elementor-widget-container\">\n\t\t\t\t\t<div class=\"qodef-shortcode qodef-m  qodef-events-list qodef-item-layout--calendar qodef-top-info-title-tag--h5   qodef-top-info--yes qodef-grid qodef-layout--columns    qodef-item-layout--calendar qodef--no-bottom-space qodef-pagination--off qodef-responsive--predefined\" data-options=\"{&quot;plugin&quot;:&quot;micdrop_core&quot;,&quot;module&quot;:&quot;post-types\\\/events\\\/shortcodes&quot;,&quot;shortcode&quot;:&quot;events-list&quot;,&quot;post_type&quot;:&quot;event-item&quot;,&quot;next_page&quot;:&quot;2&quot;,&quot;max_pages_num&quot;:1,&quot;row_reverse&quot;:&quot;no&quot;,&quot;posts_per_page&quot;:&quot;1&quot;,&quot;orderby&quot;:&quot;ID&quot;,&quot;additional_params&quot;:&quot;id&quot;,&quot;post_ids&quot;:&quot;8541&quot;,&quot;layout&quot;:&quot;calendar&quot;,&quot;title_tag&quot;:&quot;span&quot;,&quot;pagination_type&quot;:&quot;no-pagination&quot;,&quot;show_top_info&quot;:&quot;yes&quot;,&quot;top_info_title&quot;:&quot;21 juin 2024&quot;,&quot;top_info_title_tag&quot;:&quot;h5&quot;,&quot;top_info_link_text&quot;:&quot;Show All&quot;,&quot;object_class_name&quot;:&quot;MicdropCore_Events_List_Shortcode&quot;,&quot;behavior&quot;:&quot;columns&quot;,&quot;additional_query_args&quot;:{&quot;orderby&quot;:&quot;post__in&quot;,&quot;post__in&quot;:[&quot;8541&quot;]},&quot;item_classes&quot;:&quot;qodef-e qodef-grid-item&quot;}\" >\n\t\t<div class=\"qodef-m-top-info\">\n\t\t\t\t\t<h5 itemprop=\"name\" class=\"qodef-e-title entry-title\">\n\t\t\t21 juin 2024\t\t\t<\/h5>\n\t\t\n\t\t\t<\/div>\n\t\t<div class=\"qodef-grid-inner clear\">\n\t\t<div class=\"qodef-e qodef-grid-item\">\n\t<div class=\"qodef-e-inner\">\n\t\t<div class=\"qodef-e-heading\">\n\t\t\t<span itemprop=\"name\" class=\"qodef-e-title entry-title\" >\n\t<a itemprop=\"url\" class=\"qodef-e-title-link\" href=\"https:\/\/underground.bzh\/index.php\/event-item\/interferences-5\/\">\n\t\tINTERF\u00c9RENCE(S) #5 THE SOUND IS YOURS\t<\/a>\n<\/span>\n\t\t<\/div>\n\t\t\t<div class=\"qodef-e-stage-time\">\n\t\t\t\t\t<span class=\"qodef-e-stage\">\n\t\t\t\tH\u00f4tel Pasteur\t\t\t<\/span>\n\t\t\t\t\t\t\t<span class=\"qodef-e-time\">\n\t\t\t\t19:00\t\t\t<\/span>\n\t\t\t<\/div>\n\t<\/div>\n<\/div>\n\t<\/div>\n\t<\/div>\n\t\t\t\t<\/div>\n\t\t\t\t<\/div>\n\t\t\t\t<div class=\"elementor-element elementor-element-eba5390 elementor-widget elementor-widget-micdrop_core_events_list\" data-id=\"eba5390\" data-element_type=\"widget\" data-e-type=\"widget\" data-widget_type=\"micdrop_core_events_list.default\">\n\t\t\t\t<div class=\"elementor-widget-container\">\n\t\t\t\t\t<div class=\"qodef-shortcode qodef-m  qodef-events-list qodef-item-layout--calendar qodef-top-info-title-tag--h5   qodef-top-info--yes qodef-grid qodef-layout--columns    qodef-item-layout--calendar qodef--no-bottom-space qodef-pagination--off qodef-responsive--predefined\" data-options=\"{&quot;plugin&quot;:&quot;micdrop_core&quot;,&quot;module&quot;:&quot;post-types\\\/events\\\/shortcodes&quot;,&quot;shortcode&quot;:&quot;events-list&quot;,&quot;post_type&quot;:&quot;event-item&quot;,&quot;next_page&quot;:&quot;2&quot;,&quot;max_pages_num&quot;:1,&quot;row_reverse&quot;:&quot;no&quot;,&quot;posts_per_page&quot;:&quot;1&quot;,&quot;orderby&quot;:&quot;ID&quot;,&quot;additional_params&quot;:&quot;id&quot;,&quot;post_ids&quot;:&quot;8543&quot;,&quot;layout&quot;:&quot;calendar&quot;,&quot;title_tag&quot;:&quot;span&quot;,&quot;pagination_type&quot;:&quot;no-pagination&quot;,&quot;show_top_info&quot;:&quot;yes&quot;,&quot;top_info_title&quot;:&quot;22 juin 2024&quot;,&quot;top_info_title_tag&quot;:&quot;h5&quot;,&quot;top_info_link_text&quot;:&quot;Show All&quot;,&quot;object_class_name&quot;:&quot;MicdropCore_Events_List_Shortcode&quot;,&quot;behavior&quot;:&quot;columns&quot;,&quot;additional_query_args&quot;:{&quot;orderby&quot;:&quot;post__in&quot;,&quot;post__in&quot;:[&quot;8543&quot;]},&quot;item_classes&quot;:&quot;qodef-e qodef-grid-item&quot;}\" >\n\t\t<div class=\"qodef-m-top-info\">\n\t\t\t\t\t<h5 itemprop=\"name\" class=\"qodef-e-title entry-title\">\n\t\t\t22 juin 2024\t\t\t<\/h5>\n\t\t\n\t\t\t<\/div>\n\t\t<div class=\"qodef-grid-inner clear\">\n\t\t<div class=\"qodef-e qodef-grid-item\">\n\t<div class=\"qodef-e-inner\">\n\t\t<div class=\"qodef-e-heading\">\n\t\t\t<span itemprop=\"name\" class=\"qodef-e-title entry-title\" >\n\t<a itemprop=\"url\" class=\"qodef-e-title-link\" href=\"https:\/\/underground.bzh\/index.php\/event-item\/interferences-6\/\">\n\t\tINTERF\u00c9RENCE(S) #6 IMMERSION ARTISTIQUE + VORTEX ROOKIES\t<\/a>\n<\/span>\n\t\t<\/div>\n\t\t\t<div class=\"qodef-e-stage-time\">\n\t\t\t\t\t<span class=\"qodef-e-stage\">\n\t\t\t\tH\u00f4tel Pasteur\t\t\t<\/span>\n\t\t\t\t\t\t\t<span class=\"qodef-e-time\">\n\t\t\t\t10:00\t\t\t<\/span>\n\t\t\t<\/div>\n\t<\/div>\n<\/div>\n\t<\/div>\n\t<\/div>\n\t\t\t\t<\/div>\n\t\t\t\t<\/div>\n\t\t\t\t<div class=\"elementor-element elementor-element-7248d38 elementor-shape-square elementor-grid-3 e-grid-align-center elementor-widget elementor-widget-social-icons\" data-id=\"7248d38\" data-element_type=\"widget\" data-e-type=\"widget\" data-widget_type=\"social-icons.default\">\n\t\t\t\t<div class=\"elementor-widget-container\">\n\t\t\t\t\t\t\t<div class=\"elementor-social-icons-wrapper elementor-grid\" role=\"list\">\n\t\t\t\t\t\t\t<span class=\"elementor-grid-item\" role=\"listitem\">\n\t\t\t\t\t<a class=\"elementor-icon elementor-social-icon elementor-social-icon-instagram elementor-repeater-item-20758ea\" href=\"https:\/\/www.instagram.com\/laurenemarx\/\" target=\"_blank\">\n\t\t\t\t\t\t<span class=\"elementor-screen-only\">Instagram<\/span>\n\t\t\t\t\t\t<svg aria-hidden=\"true\" class=\"e-font-icon-svg e-fab-instagram\" viewBox=\"0 0 448 512\" xmlns=\"http:\/\/www.w3.org\/2000\/svg\"><path d=\"M224.1 141c-63.6 0-114.9 51.3-114.9 114.9s51.3 114.9 114.9 114.9S339 319.5 339 255.9 287.7 141 224.1 141zm0 189.6c-41.1 0-74.7-33.5-74.7-74.7s33.5-74.7 74.7-74.7 74.7 33.5 74.7 74.7-33.6 74.7-74.7 74.7zm146.4-194.3c0 14.9-12 26.8-26.8 26.8-14.9 0-26.8-12-26.8-26.8s12-26.8 26.8-26.8 26.8 12 26.8 26.8zm76.1 27.2c-1.7-35.9-9.9-67.7-36.2-93.9-26.2-26.2-58-34.4-93.9-36.2-37-2.1-147.9-2.1-184.9 0-35.8 1.7-67.6 9.9-93.9 36.1s-34.4 58-36.2 93.9c-2.1 37-2.1 147.9 0 184.9 1.7 35.9 9.9 67.7 36.2 93.9s58 34.4 93.9 36.2c37 2.1 147.9 2.1 184.9 0 35.9-1.7 67.7-9.9 93.9-36.2 26.2-26.2 34.4-58 36.2-93.9 2.1-37 2.1-147.8 0-184.8zM398.8 388c-7.8 19.6-22.9 34.7-42.6 42.6-29.5 11.7-99.5 9-132.1 9s-102.7 2.6-132.1-9c-19.6-7.8-34.7-22.9-42.6-42.6-11.7-29.5-9-99.5-9-132.1s-2.6-102.7 9-132.1c7.8-19.6 22.9-34.7 42.6-42.6 29.5-11.7 99.5-9 132.1-9s102.7-2.6 132.1 9c19.6 7.8 34.7 22.9 42.6 42.6 11.7 29.5 9 99.5 9 132.1s2.7 102.7-9 132.1z\"><\/path><\/svg>\t\t\t\t\t<\/a>\n\t\t\t\t<\/span>\n\t\t\t\t\t\t\t<span class=\"elementor-grid-item\" role=\"listitem\">\n\t\t\t\t\t<a class=\"elementor-icon elementor-social-icon elementor-social-icon-link elementor-repeater-item-770073b\" href=\"https:\/\/bureaudesfilles.com\" target=\"_blank\">\n\t\t\t\t\t\t<span class=\"elementor-screen-only\">Link<\/span>\n\t\t\t\t\t\t<svg aria-hidden=\"true\" class=\"e-font-icon-svg e-fas-link\" viewBox=\"0 0 512 512\" xmlns=\"http:\/\/www.w3.org\/2000\/svg\"><path d=\"M326.612 185.391c59.747 59.809 58.927 155.698.36 214.59-.11.12-.24.25-.36.37l-67.2 67.2c-59.27 59.27-155.699 59.262-214.96 0-59.27-59.26-59.27-155.7 0-214.96l37.106-37.106c9.84-9.84 26.786-3.3 27.294 10.606.648 17.722 3.826 35.527 9.69 52.721 1.986 5.822.567 12.262-3.783 16.612l-13.087 13.087c-28.026 28.026-28.905 73.66-1.155 101.96 28.024 28.579 74.086 28.749 102.325.51l67.2-67.19c28.191-28.191 28.073-73.757 0-101.83-3.701-3.694-7.429-6.564-10.341-8.569a16.037 16.037 0 0 1-6.947-12.606c-.396-10.567 3.348-21.456 11.698-29.806l21.054-21.055c5.521-5.521 14.182-6.199 20.584-1.731a152.482 152.482 0 0 1 20.522 17.197zM467.547 44.449c-59.261-59.262-155.69-59.27-214.96 0l-67.2 67.2c-.12.12-.25.25-.36.37-58.566 58.892-59.387 154.781.36 214.59a152.454 152.454 0 0 0 20.521 17.196c6.402 4.468 15.064 3.789 20.584-1.731l21.054-21.055c8.35-8.35 12.094-19.239 11.698-29.806a16.037 16.037 0 0 0-6.947-12.606c-2.912-2.005-6.64-4.875-10.341-8.569-28.073-28.073-28.191-73.639 0-101.83l67.2-67.19c28.239-28.239 74.3-28.069 102.325.51 27.75 28.3 26.872 73.934-1.155 101.96l-13.087 13.087c-4.35 4.35-5.769 10.79-3.783 16.612 5.864 17.194 9.042 34.999 9.69 52.721.509 13.906 17.454 20.446 27.294 10.606l37.106-37.106c59.271-59.259 59.271-155.699.001-214.959z\"><\/path><\/svg>\t\t\t\t\t<\/a>\n\t\t\t\t<\/span>\n\t\t\t\t\t<\/div>\n\t\t\t\t\t\t<\/div>\n\t\t\t\t<\/div>\n\t\t\t\t\t<\/div>\n\t\t<\/div>\n\t\t\t\t<div class=\"elementor-column elementor-col-66 elementor-inner-column elementor-element elementor-element-e612657\" data-id=\"e612657\" data-element_type=\"column\" data-e-type=\"column\" data-settings=\"{&quot;background_background&quot;:&quot;classic&quot;}\">\n\t\t\t<div class=\"elementor-widget-wrap elementor-element-populated\">\n\t\t\t\t\t\t<div class=\"elementor-element elementor-element-d028113 elementor-widget-divider--view-line elementor-widget elementor-widget-divider\" data-id=\"d028113\" data-element_type=\"widget\" data-e-type=\"widget\" data-widget_type=\"divider.default\">\n\t\t\t\t<div class=\"elementor-widget-container\">\n\t\t\t\t\t\t\t<div class=\"elementor-divider\">\n\t\t\t<span class=\"elementor-divider-separator\">\n\t\t\t\t\t\t<\/span>\n\t\t<\/div>\n\t\t\t\t\t\t<\/div>\n\t\t\t\t<\/div>\n\t\t\t\t<div class=\"elementor-element elementor-element-3776f4a elementor-widget elementor-widget-text-editor\" data-id=\"3776f4a\" data-element_type=\"widget\" data-e-type=\"widget\" data-widget_type=\"text-editor.default\">\n\t\t\t\t<div class=\"elementor-widget-container\">\n\t\t\t\t\t\t\t\t\t<div>N\u00e9e en 1987, Laur\u00e8ne Marx est autrice \/ performeuse dont l\u2019\u0153uvre tourne autour des th\u00e8mes du genre, de la normativit\u00e9, du rapport \u00e0 la r\u00e9alit\u00e9, de la neuro-atypie et de l\u2019anticapitalisme.<\/div><div>\u00a0<\/div><div>\u00c0 l\u2019\u00e2ge de seize ans, elle quitte l\u2019\u00e9cole pour \u00e9crire, tout en vivant de petits boulots. \u00c0 l\u2019\u00e2ge de vingt et un ans, elle d\u00e9couvre Paris, le cin\u00e9ma et le th\u00e9\u00e2tre et commence \u00e0 r\u00e9aliser ses propres films et \u00e0 mettre en sc\u00e8ne ses propres textes. Son rapport \u00e0 l\u2019\u00e9criture et \u00e0 la politique change d\u00e9finitivement apr\u00e8s qu\u2019elle a assist\u00e9 \u00e0 une performance d\u2019Alok Vaid-Menon, une activiste trans non-binaire : il lui appara\u00eet d\u00e9sormais qu\u2019\u00e9crire sans cause, sans combat est impossible.<\/div><div>Elle se promet de ne plus jamais raconter d\u2019histoires inoffensives, mais de s\u2019efforcer de mettre les zones d\u2019ombre en lumi\u00e8re.<\/div><div>\u00a0<\/div><div>Elle obtient en 2015 le Prix de la Nouvelle de La Sorbonne Nouvelle. En 2018, son texte\u00a0<em>Transe<\/em>\u00a0est laur\u00e9at de l\u2019Aide nationale \u00e0 la cr\u00e9ation de textes dramatiques \u2013 Artcena (cat\u00e9gorie dramaturgies plurielles). En 2019, le <a href=\"https:\/\/www.lynceus.fr\/le-collectif-lync%C3%A9us\" target=\"_blank\" rel=\"noopener\">Collectif Lync\u00e9us<\/a> lui commande un texte pour la septi\u00e8me \u00e9dition du Lync\u00e9us Festival, qui donne naissance \u00e0\u00a0<em>Pour un temps sois peu<\/em>, cr\u00e9\u00e9 en juin 2021 \u00e0 Binic.<\/div><div>En 2022, il remporte le prix sp\u00e9cial du jury de la Librairie Th\u00e9\u00e2trale et est mis en sc\u00e8ne par Fanny Sint\u00e8s avec Laur\u00e8ne Marx au Th\u00e9\u00e2tre de Belleville.<\/div><div>La m\u00eame ann\u00e9e, Laur\u00e8ne Marx fonde avec Fanny Sint\u00e8s la compagnie Je t\u2019accapare.<\/div><div>\u00a0<\/div><div>Laur\u00e8ne Marx qualifie son genre th\u00e9\u00e2tral de \u00ab stand-up triste \u00bb. On y retrouve cette adresse au public si sp\u00e9cifique au stand-up, gr\u00e2ce \u00e0 l\u2019humour caract\u00e9ristique du genre et l\u2019utilisation d\u2019un vocabulaire frontal : le pronom personnel \u00ab tu \u00bb est privil\u00e9gi\u00e9, afin d\u2019impliquer le.la spectateur.ice dans le spectacle. Laur\u00e8ne Marx puise la mati\u00e8re de ses textes dans son v\u00e9cu et ses trois premiers textes port\u00e9s \u00e0 la sc\u00e8ne abordent diff\u00e9rents aspects de son exp\u00e9rience personnelle.<span class=\"Apple-converted-space\">\u00a0<\/span><\/div>\t\t\t\t\t\t\t\t<\/div>\n\t\t\t\t<\/div>\n\t\t\t\t<div class=\"elementor-element elementor-element-addbbdc elementor-widget-divider--view-line elementor-widget elementor-widget-divider\" data-id=\"addbbdc\" data-element_type=\"widget\" data-e-type=\"widget\" data-widget_type=\"divider.default\">\n\t\t\t\t<div class=\"elementor-widget-container\">\n\t\t\t\t\t\t\t<div class=\"elementor-divider\">\n\t\t\t<span class=\"elementor-divider-separator\">\n\t\t\t\t\t\t<\/span>\n\t\t<\/div>\n\t\t\t\t\t\t<\/div>\n\t\t\t\t<\/div>\n\t\t\t\t<div class=\"elementor-element elementor-element-1bf6fdc elementor-widget elementor-widget-spacer\" data-id=\"1bf6fdc\" data-element_type=\"widget\" data-e-type=\"widget\" data-widget_type=\"spacer.default\">\n\t\t\t\t<div class=\"elementor-widget-container\">\n\t\t\t\t\t\t\t<div class=\"elementor-spacer\">\n\t\t\t<div class=\"elementor-spacer-inner\"><\/div>\n\t\t<\/div>\n\t\t\t\t\t\t<\/div>\n\t\t\t\t<\/div>\n\t\t\t\t\t<\/div>\n\t\t<\/div>\n\t\t\t\t\t<\/div>\n\t\t<\/section>\n\t\t\t\t<div class=\"elementor-element elementor-element-5a70a68 elementor-widget elementor-widget-spacer\" data-id=\"5a70a68\" data-element_type=\"widget\" data-e-type=\"widget\" data-widget_type=\"spacer.default\">\n\t\t\t\t<div class=\"elementor-widget-container\">\n\t\t\t\t\t\t\t<div class=\"elementor-spacer\">\n\t\t\t<div class=\"elementor-spacer-inner\"><\/div>\n\t\t<\/div>\n\t\t\t\t\t\t<\/div>\n\t\t\t\t<\/div>\n\t\t\t\t\t<\/div>\n\t\t<\/div>\n\t\t\t\t\t<\/div>\n\t\t<\/section>\n\t\t\t\t<\/div>\n\t\t","protected":false},"excerpt":{"rendered":"<p>LAUR\u00c8NE MARX AUTRICE \/ PERFORMEUSE \u00a9 DR 21 juin 2024 INTERF\u00c9RENCES #5 H\u00f4tel Pasteur 12:00 22 juin 2024 INTERF\u00c9RENCES #6 H\u00f4tel Pasteur 10:00 Instagram Link N\u00e9e en 1987, Laur\u00e8ne Marx est autrice \/ performeuse dont l\u2019\u0153uvre tourne autour des th\u00e8mes du genre, de la normativit\u00e9, du rapport \u00e0 la r\u00e9alit\u00e9, de la neuro-atypie et de [&hellip;]<\/p>\n","protected":false},"author":1,"featured_media":0,"parent":0,"menu_order":0,"comment_status":"closed","ping_status":"closed","template":"page-full-width.php","meta":{"footnotes":""},"class_list":["post-9335","page","type-page","status-publish","hentry"],"_links":{"self":[{"href":"https:\/\/underground.bzh\/index.php\/wp-json\/wp\/v2\/pages\/9335","targetHints":{"allow":["GET"]}}],"collection":[{"href":"https:\/\/underground.bzh\/index.php\/wp-json\/wp\/v2\/pages"}],"about":[{"href":"https:\/\/underground.bzh\/index.php\/wp-json\/wp\/v2\/types\/page"}],"author":[{"embeddable":true,"href":"https:\/\/underground.bzh\/index.php\/wp-json\/wp\/v2\/users\/1"}],"replies":[{"embeddable":true,"href":"https:\/\/underground.bzh\/index.php\/wp-json\/wp\/v2\/comments?post=9335"}],"version-history":[{"count":19,"href":"https:\/\/underground.bzh\/index.php\/wp-json\/wp\/v2\/pages\/9335\/revisions"}],"predecessor-version":[{"id":10596,"href":"https:\/\/underground.bzh\/index.php\/wp-json\/wp\/v2\/pages\/9335\/revisions\/10596"}],"wp:attachment":[{"href":"https:\/\/underground.bzh\/index.php\/wp-json\/wp\/v2\/media?parent=9335"}],"curies":[{"name":"wp","href":"https:\/\/api.w.org\/{rel}","templated":true}]}}