{"id":9344,"date":"2024-04-01T20:43:30","date_gmt":"2024-04-01T18:43:30","guid":{"rendered":"https:\/\/underground.bzh\/?page_id=9344"},"modified":"2024-04-02T18:21:46","modified_gmt":"2024-04-02T16:21:46","slug":"p-node","status":"publish","type":"page","link":"https:\/\/underground.bzh\/index.php\/p-node\/","title":{"rendered":"\u220fNode"},"content":{"rendered":"\t\t<div data-elementor-type=\"wp-page\" data-elementor-id=\"9344\" class=\"elementor elementor-9344\">\n\t\t\t\t\t\t<section class=\"elementor-section elementor-top-section elementor-element elementor-element-af84573 elementor-section-full_width elementor-section-height-default elementor-section-height-default qodef-elementor-content-no\" data-id=\"af84573\" data-element_type=\"section\" data-e-type=\"section\">\n\t\t\t\t\t\t<div class=\"elementor-container elementor-column-gap-default\">\n\t\t\t\t\t<div class=\"elementor-column elementor-col-100 elementor-top-column elementor-element elementor-element-ba3f1dc\" data-id=\"ba3f1dc\" data-element_type=\"column\" data-e-type=\"column\">\n\t\t\t<div class=\"elementor-widget-wrap elementor-element-populated\">\n\t\t\t\t\t\t<div class=\"elementor-element elementor-element-f747436 elementor-widget elementor-widget-micdrop_core_section_title\" data-id=\"f747436\" data-element_type=\"widget\" data-e-type=\"widget\" data-widget_type=\"micdrop_core_section_title.default\">\n\t\t\t\t<div class=\"elementor-widget-container\">\n\t\t\t\t\t<div class=\"qodef-shortcode qodef-m  qodef-section-title qodef-alignment--left   qodef-title-border-bottom\">\n\t\t\t<h1 class=\"qodef-m-title\" >\n\t\t\t\t\t\u220fNode\t\t\t<\/h1>\n\t\t<p class=\"qodef-m-text\" >COLLECTIF D&#039;ARTISTES \/ PLATEFORME EXP\u00c9RIMENTALE \/ RADIO ASSOCIATIVE<\/p>\n\t\t<div class=\"qodef-m-button\" >\n\t\t\t\t\t\t\t\t\t\t\t\t\t\t\t<\/div>\n<\/div>\n\t\t\t\t<\/div>\n\t\t\t\t<\/div>\n\t\t\t\t<section class=\"elementor-section elementor-inner-section elementor-element elementor-element-6029920 elementor-section-full_width elementor-section-height-default elementor-section-height-default qodef-elementor-content-no\" data-id=\"6029920\" data-element_type=\"section\" data-e-type=\"section\">\n\t\t\t\t\t\t<div class=\"elementor-container elementor-column-gap-default\">\n\t\t\t\t\t<div class=\"elementor-column elementor-col-33 elementor-inner-column elementor-element elementor-element-839be68\" data-id=\"839be68\" data-element_type=\"column\" data-e-type=\"column\">\n\t\t\t<div class=\"elementor-widget-wrap elementor-element-populated\">\n\t\t\t\t\t\t<div class=\"elementor-element elementor-element-a831acf elementor-widget elementor-widget-image\" data-id=\"a831acf\" data-element_type=\"widget\" data-e-type=\"widget\" data-widget_type=\"image.default\">\n\t\t\t\t<div class=\"elementor-widget-container\">\n\t\t\t\t\t\t\t\t\t\t\t\t\t\t\t<img fetchpriority=\"high\" decoding=\"async\" width=\"650\" height=\"768\" src=\"https:\/\/underground.bzh\/wp-content\/uploads\/2024\/04\/radios-650x768.png\" class=\"attachment-micdrop_core_image_size_portrait size-micdrop_core_image_size_portrait wp-image-9525\" alt=\"\" \/>\t\t\t\t\t\t\t\t\t\t\t\t\t\t\t<\/div>\n\t\t\t\t<\/div>\n\t\t\t\t<div class=\"elementor-element elementor-element-d4acb90 elementor-widget-divider--view-line elementor-widget elementor-widget-divider\" data-id=\"d4acb90\" data-element_type=\"widget\" data-e-type=\"widget\" data-widget_type=\"divider.default\">\n\t\t\t\t<div class=\"elementor-widget-container\">\n\t\t\t\t\t\t\t<div class=\"elementor-divider\">\n\t\t\t<span class=\"elementor-divider-separator\">\n\t\t\t\t\t\t<\/span>\n\t\t<\/div>\n\t\t\t\t\t\t<\/div>\n\t\t\t\t<\/div>\n\t\t\t\t<div class=\"elementor-element elementor-element-c24191d elementor-widget elementor-widget-micdrop_core_events_list\" data-id=\"c24191d\" data-element_type=\"widget\" data-e-type=\"widget\" data-widget_type=\"micdrop_core_events_list.default\">\n\t\t\t\t<div class=\"elementor-widget-container\">\n\t\t\t\t\t<div class=\"qodef-shortcode qodef-m  qodef-events-list qodef-item-layout--calendar qodef-top-info-title-tag--h6   qodef-top-info--yes qodef-grid qodef-layout--columns    qodef-item-layout--calendar qodef--no-bottom-space qodef-pagination--off qodef-responsive--predefined\" data-options=\"{&quot;plugin&quot;:&quot;micdrop_core&quot;,&quot;module&quot;:&quot;post-types\\\/events\\\/shortcodes&quot;,&quot;shortcode&quot;:&quot;events-list&quot;,&quot;post_type&quot;:&quot;event-item&quot;,&quot;next_page&quot;:&quot;2&quot;,&quot;max_pages_num&quot;:1,&quot;row_reverse&quot;:&quot;no&quot;,&quot;posts_per_page&quot;:&quot;1&quot;,&quot;orderby&quot;:&quot;ID&quot;,&quot;additional_params&quot;:&quot;id&quot;,&quot;post_ids&quot;:&quot;8541&quot;,&quot;layout&quot;:&quot;calendar&quot;,&quot;title_tag&quot;:&quot;span&quot;,&quot;pagination_type&quot;:&quot;no-pagination&quot;,&quot;show_top_info&quot;:&quot;yes&quot;,&quot;top_info_title&quot;:&quot;21 juin 2024&quot;,&quot;top_info_title_tag&quot;:&quot;h6&quot;,&quot;top_info_link_text&quot;:&quot;Show All&quot;,&quot;object_class_name&quot;:&quot;MicdropCore_Events_List_Shortcode&quot;,&quot;behavior&quot;:&quot;columns&quot;,&quot;additional_query_args&quot;:{&quot;orderby&quot;:&quot;post__in&quot;,&quot;post__in&quot;:[&quot;8541&quot;]},&quot;item_classes&quot;:&quot;qodef-e qodef-grid-item&quot;}\" >\n\t\t<div class=\"qodef-m-top-info\">\n\t\t\t\t\t<h6 itemprop=\"name\" class=\"qodef-e-title entry-title\">\n\t\t\t21 juin 2024\t\t\t<\/h6>\n\t\t\n\t\t\t<\/div>\n\t\t<div class=\"qodef-grid-inner clear\">\n\t\t<div class=\"qodef-e qodef-grid-item\">\n\t<div class=\"qodef-e-inner\">\n\t\t<div class=\"qodef-e-heading\">\n\t\t\t<span itemprop=\"name\" class=\"qodef-e-title entry-title\" >\n\t<a itemprop=\"url\" class=\"qodef-e-title-link\" href=\"https:\/\/underground.bzh\/index.php\/event-item\/interferences-5\/\">\n\t\tINTERF\u00c9RENCE(S) #5 THE SOUND IS YOURS\t<\/a>\n<\/span>\n\t\t<\/div>\n\t\t\t<div class=\"qodef-e-stage-time\">\n\t\t\t\t\t<span class=\"qodef-e-stage\">\n\t\t\t\tH\u00f4tel Pasteur\t\t\t<\/span>\n\t\t\t\t\t\t\t<span class=\"qodef-e-time\">\n\t\t\t\t19:00\t\t\t<\/span>\n\t\t\t<\/div>\n\t<\/div>\n<\/div>\n\t<\/div>\n\t<\/div>\n\t\t\t\t<\/div>\n\t\t\t\t<\/div>\n\t\t\t\t<div class=\"elementor-element elementor-element-e8c85b0 elementor-widget elementor-widget-micdrop_core_events_list\" data-id=\"e8c85b0\" data-element_type=\"widget\" data-e-type=\"widget\" data-widget_type=\"micdrop_core_events_list.default\">\n\t\t\t\t<div class=\"elementor-widget-container\">\n\t\t\t\t\t<div class=\"qodef-shortcode qodef-m  qodef-events-list qodef-item-layout--calendar qodef-top-info-title-tag--h6   qodef-top-info--yes qodef-grid qodef-layout--columns    qodef-item-layout--calendar qodef--no-bottom-space qodef-pagination--off qodef-responsive--predefined\" data-options=\"{&quot;plugin&quot;:&quot;micdrop_core&quot;,&quot;module&quot;:&quot;post-types\\\/events\\\/shortcodes&quot;,&quot;shortcode&quot;:&quot;events-list&quot;,&quot;post_type&quot;:&quot;event-item&quot;,&quot;next_page&quot;:&quot;2&quot;,&quot;max_pages_num&quot;:1,&quot;row_reverse&quot;:&quot;no&quot;,&quot;posts_per_page&quot;:&quot;1&quot;,&quot;orderby&quot;:&quot;ID&quot;,&quot;additional_params&quot;:&quot;id&quot;,&quot;post_ids&quot;:&quot;8543&quot;,&quot;layout&quot;:&quot;calendar&quot;,&quot;title_tag&quot;:&quot;span&quot;,&quot;pagination_type&quot;:&quot;no-pagination&quot;,&quot;show_top_info&quot;:&quot;yes&quot;,&quot;top_info_title&quot;:&quot;22 juin 2024&quot;,&quot;top_info_title_tag&quot;:&quot;h6&quot;,&quot;top_info_link_text&quot;:&quot;Show All&quot;,&quot;object_class_name&quot;:&quot;MicdropCore_Events_List_Shortcode&quot;,&quot;behavior&quot;:&quot;columns&quot;,&quot;additional_query_args&quot;:{&quot;orderby&quot;:&quot;post__in&quot;,&quot;post__in&quot;:[&quot;8543&quot;]},&quot;item_classes&quot;:&quot;qodef-e qodef-grid-item&quot;}\" >\n\t\t<div class=\"qodef-m-top-info\">\n\t\t\t\t\t<h6 itemprop=\"name\" class=\"qodef-e-title entry-title\">\n\t\t\t22 juin 2024\t\t\t<\/h6>\n\t\t\n\t\t\t<\/div>\n\t\t<div class=\"qodef-grid-inner clear\">\n\t\t<div class=\"qodef-e qodef-grid-item\">\n\t<div class=\"qodef-e-inner\">\n\t\t<div class=\"qodef-e-heading\">\n\t\t\t<span itemprop=\"name\" class=\"qodef-e-title entry-title\" >\n\t<a itemprop=\"url\" class=\"qodef-e-title-link\" href=\"https:\/\/underground.bzh\/index.php\/event-item\/interferences-6\/\">\n\t\tINTERF\u00c9RENCE(S) #6 IMMERSION ARTISTIQUE + VORTEX ROOKIES\t<\/a>\n<\/span>\n\t\t<\/div>\n\t\t\t<div class=\"qodef-e-stage-time\">\n\t\t\t\t\t<span class=\"qodef-e-stage\">\n\t\t\t\tH\u00f4tel Pasteur\t\t\t<\/span>\n\t\t\t\t\t\t\t<span class=\"qodef-e-time\">\n\t\t\t\t10:00\t\t\t<\/span>\n\t\t\t<\/div>\n\t<\/div>\n<\/div>\n\t<\/div>\n\t<\/div>\n\t\t\t\t<\/div>\n\t\t\t\t<\/div>\n\t\t\t\t<div class=\"elementor-element elementor-element-7248d38 elementor-shape-square elementor-grid-3 e-grid-align-center elementor-widget elementor-widget-social-icons\" data-id=\"7248d38\" data-element_type=\"widget\" data-e-type=\"widget\" data-widget_type=\"social-icons.default\">\n\t\t\t\t<div class=\"elementor-widget-container\">\n\t\t\t\t\t\t\t<div class=\"elementor-social-icons-wrapper elementor-grid\">\n\t\t\t\t\t\t\t<span class=\"elementor-grid-item\">\n\t\t\t\t\t<a class=\"elementor-icon elementor-social-icon elementor-social-icon-link elementor-repeater-item-f543fbd\" href=\"https:\/\/p-node.org\" target=\"_blank\">\n\t\t\t\t\t\t<span class=\"elementor-screen-only\">Link<\/span>\n\t\t\t\t\t\t<svg aria-hidden=\"true\" class=\"e-font-icon-svg e-fas-link\" viewBox=\"0 0 512 512\" xmlns=\"http:\/\/www.w3.org\/2000\/svg\"><path d=\"M326.612 185.391c59.747 59.809 58.927 155.698.36 214.59-.11.12-.24.25-.36.37l-67.2 67.2c-59.27 59.27-155.699 59.262-214.96 0-59.27-59.26-59.27-155.7 0-214.96l37.106-37.106c9.84-9.84 26.786-3.3 27.294 10.606.648 17.722 3.826 35.527 9.69 52.721 1.986 5.822.567 12.262-3.783 16.612l-13.087 13.087c-28.026 28.026-28.905 73.66-1.155 101.96 28.024 28.579 74.086 28.749 102.325.51l67.2-67.19c28.191-28.191 28.073-73.757 0-101.83-3.701-3.694-7.429-6.564-10.341-8.569a16.037 16.037 0 0 1-6.947-12.606c-.396-10.567 3.348-21.456 11.698-29.806l21.054-21.055c5.521-5.521 14.182-6.199 20.584-1.731a152.482 152.482 0 0 1 20.522 17.197zM467.547 44.449c-59.261-59.262-155.69-59.27-214.96 0l-67.2 67.2c-.12.12-.25.25-.36.37-58.566 58.892-59.387 154.781.36 214.59a152.454 152.454 0 0 0 20.521 17.196c6.402 4.468 15.064 3.789 20.584-1.731l21.054-21.055c8.35-8.35 12.094-19.239 11.698-29.806a16.037 16.037 0 0 0-6.947-12.606c-2.912-2.005-6.64-4.875-10.341-8.569-28.073-28.073-28.191-73.639 0-101.83l67.2-67.19c28.239-28.239 74.3-28.069 102.325.51 27.75 28.3 26.872 73.934-1.155 101.96l-13.087 13.087c-4.35 4.35-5.769 10.79-3.783 16.612 5.864 17.194 9.042 34.999 9.69 52.721.509 13.906 17.454 20.446 27.294 10.606l37.106-37.106c59.271-59.259 59.271-155.699.001-214.959z\"><\/path><\/svg>\t\t\t\t\t<\/a>\n\t\t\t\t<\/span>\n\t\t\t\t\t<\/div>\n\t\t\t\t\t\t<\/div>\n\t\t\t\t<\/div>\n\t\t\t\t\t<\/div>\n\t\t<\/div>\n\t\t\t\t<div class=\"elementor-column elementor-col-66 elementor-inner-column elementor-element elementor-element-e612657\" data-id=\"e612657\" data-element_type=\"column\" data-e-type=\"column\" data-settings=\"{&quot;background_background&quot;:&quot;classic&quot;}\">\n\t\t\t<div class=\"elementor-widget-wrap elementor-element-populated\">\n\t\t\t\t\t\t<div class=\"elementor-element elementor-element-d028113 elementor-widget-divider--view-line elementor-widget elementor-widget-divider\" data-id=\"d028113\" data-element_type=\"widget\" data-e-type=\"widget\" data-widget_type=\"divider.default\">\n\t\t\t\t<div class=\"elementor-widget-container\">\n\t\t\t\t\t\t\t<div class=\"elementor-divider\">\n\t\t\t<span class=\"elementor-divider-separator\">\n\t\t\t\t\t\t<\/span>\n\t\t<\/div>\n\t\t\t\t\t\t<\/div>\n\t\t\t\t<\/div>\n\t\t\t\t<div class=\"elementor-element elementor-element-3776f4a elementor-widget elementor-widget-text-editor\" data-id=\"3776f4a\" data-element_type=\"widget\" data-e-type=\"widget\" data-widget_type=\"text-editor.default\">\n\t\t\t\t<div class=\"elementor-widget-container\">\n\t\t\t\t\t\t\t\t\t<p>Fond\u00e9 en 2014, le collectif \u220fNode est d\u00e9di\u00e9 \u00e0 la recherche autour de la radio en tant que m\u00e9dia d\u2019exp\u00e9rimentation.<\/p><p>Via le d\u00e9veloppement d\u2019outils d\u00e9di\u00e9s, des ateliers de partage de pratique, le programme-marathon de survie Antivirus, \u220fNode explore les nombreuses dimensions de la radio : sa physicalit\u00e9 (\u00e9ther, ondes radio et spectre \u00e9lectromagn\u00e9tique), sa spatialit\u00e9 (bande passante, fr\u00e9quences), son infrastructure (r\u00e9seau de r\u00e9cepteurs\/\u00e9metteurs radio), ses m\u00e9thodes de production et \u00e9ditoriales, gestion des contenus (tableaux\/\u00e9quipes de programmation, studios d\u2019enregistrement), ses modes de r\u00e9ception des m\u00e9tadonn\u00e9es (RDS\/SDR), son histoire (mouvements radio libres et radio pirates), et sa l\u00e9gislation.<\/p><p>\u220fNode examine \u00e9galement le r\u00f4le et le potentiel futurs de la radio \u00e0 l\u2019\u00e9poque du tout num\u00e9rique. Pr\u00e9sente sur le web, parfois en (mini)FM, et 24\/24 en DAB+ \u00e0 Mulhouse et Paris, cette radio agr\u00e8ge des propositions venues d\u2019horizons divers et donne \u00e0 entendre aussi bien des sonifications de serveurs que des playlists sans fin, des \u00e9missions, conf\u00e9rences ou concerts en direct de Paris, Helsinki, Lausanne, Montreuil, Bilbao, Bourogne, Valparaiso, Berlin, Bergen&#8230;\u00a0<\/p>\t\t\t\t\t\t\t\t<\/div>\n\t\t\t\t<\/div>\n\t\t\t\t<div class=\"elementor-element elementor-element-addbbdc elementor-widget-divider--view-line elementor-widget elementor-widget-divider\" data-id=\"addbbdc\" data-element_type=\"widget\" data-e-type=\"widget\" data-widget_type=\"divider.default\">\n\t\t\t\t<div class=\"elementor-widget-container\">\n\t\t\t\t\t\t\t<div class=\"elementor-divider\">\n\t\t\t<span class=\"elementor-divider-separator\">\n\t\t\t\t\t\t<\/span>\n\t\t<\/div>\n\t\t\t\t\t\t<\/div>\n\t\t\t\t<\/div>\n\t\t\t\t<div class=\"elementor-element elementor-element-d5fb3bd elementor-widget elementor-widget-micdrop_core_call_to_action\" data-id=\"d5fb3bd\" data-element_type=\"widget\" data-e-type=\"widget\" data-widget_type=\"micdrop_core_call_to_action.default\">\n\t\t\t\t<div class=\"elementor-widget-container\">\n\t\t\t\t\t<div class=\"qodef-shortcode qodef-m  qodef-call-to-action qodef-layout--standard qodef-style--centered\">\n\t<div class=\"qodef-m-inner\">\n\t\t\t\t\t<div class=\"qodef-m-button\">\n\t\t<a class=\"qodef-shortcode qodef-m  qodef-button qodef-layout--outlined  qodef-html--link\" href=\"http:\/\/stream.p-node.org\/dab.mp3\" target=\"_blank\"  >\t<span class=\"qodef-m-text\">\u00c9coutez \u220fNode en stream HD<\/span><\/a>\t<\/div>\n\t<\/div>\n<\/div>\n\t\t\t\t<\/div>\n\t\t\t\t<\/div>\n\t\t\t\t<div class=\"elementor-element elementor-element-3a6b594 elementor-widget-divider--view-line elementor-widget elementor-widget-divider\" data-id=\"3a6b594\" data-element_type=\"widget\" data-e-type=\"widget\" data-widget_type=\"divider.default\">\n\t\t\t\t<div class=\"elementor-widget-container\">\n\t\t\t\t\t\t\t<div class=\"elementor-divider\">\n\t\t\t<span class=\"elementor-divider-separator\">\n\t\t\t\t\t\t<\/span>\n\t\t<\/div>\n\t\t\t\t\t\t<\/div>\n\t\t\t\t<\/div>\n\t\t\t\t<div class=\"elementor-element elementor-element-af3cff3 elementor-widget elementor-widget-spacer\" data-id=\"af3cff3\" data-element_type=\"widget\" data-e-type=\"widget\" data-widget_type=\"spacer.default\">\n\t\t\t\t<div class=\"elementor-widget-container\">\n\t\t\t\t\t\t\t<div class=\"elementor-spacer\">\n\t\t\t<div class=\"elementor-spacer-inner\"><\/div>\n\t\t<\/div>\n\t\t\t\t\t\t<\/div>\n\t\t\t\t<\/div>\n\t\t\t\t\t<\/div>\n\t\t<\/div>\n\t\t\t\t\t<\/div>\n\t\t<\/section>\n\t\t\t\t<div class=\"elementor-element elementor-element-74be26f elementor-widget elementor-widget-spacer\" data-id=\"74be26f\" data-element_type=\"widget\" data-e-type=\"widget\" data-widget_type=\"spacer.default\">\n\t\t\t\t<div class=\"elementor-widget-container\">\n\t\t\t\t\t\t\t<div class=\"elementor-spacer\">\n\t\t\t<div class=\"elementor-spacer-inner\"><\/div>\n\t\t<\/div>\n\t\t\t\t\t\t<\/div>\n\t\t\t\t<\/div>\n\t\t\t\t<div class=\"elementor-element elementor-element-5a70a68 elementor-widget elementor-widget-spacer\" data-id=\"5a70a68\" data-element_type=\"widget\" data-e-type=\"widget\" data-widget_type=\"spacer.default\">\n\t\t\t\t<div class=\"elementor-widget-container\">\n\t\t\t\t\t\t\t<div class=\"elementor-spacer\">\n\t\t\t<div class=\"elementor-spacer-inner\"><\/div>\n\t\t<\/div>\n\t\t\t\t\t\t<\/div>\n\t\t\t\t<\/div>\n\t\t\t\t\t<\/div>\n\t\t<\/div>\n\t\t\t\t\t<\/div>\n\t\t<\/section>\n\t\t\t\t<\/div>\n\t\t","protected":false},"excerpt":{"rendered":"<p>\u220fNode COLLECTIF D&#039;ARTISTES \/ PLATEFORME EXP\u00c9RIMENTALE \/ RADIO ASSOCIATIVE 21 juin 2024 EXPLORATION(S) #5 H\u00f4tel Pasteur 12:00 22 juin 2024 EXPLORATION(S) #6 H\u00f4tel Pasteur 10:00 Link Fond\u00e9 en 2014, le collectif \u220fNode est d\u00e9di\u00e9 \u00e0 la recherche autour de la radio en tant que m\u00e9dia d\u2019exp\u00e9rimentation. Via le d\u00e9veloppement d\u2019outils d\u00e9di\u00e9s, des ateliers de partage [&hellip;]<\/p>\n","protected":false},"author":1,"featured_media":0,"parent":0,"menu_order":0,"comment_status":"closed","ping_status":"closed","template":"page-full-width.php","meta":{"footnotes":""},"class_list":["post-9344","page","type-page","status-publish","hentry"],"_links":{"self":[{"href":"https:\/\/underground.bzh\/index.php\/wp-json\/wp\/v2\/pages\/9344","targetHints":{"allow":["GET"]}}],"collection":[{"href":"https:\/\/underground.bzh\/index.php\/wp-json\/wp\/v2\/pages"}],"about":[{"href":"https:\/\/underground.bzh\/index.php\/wp-json\/wp\/v2\/types\/page"}],"author":[{"embeddable":true,"href":"https:\/\/underground.bzh\/index.php\/wp-json\/wp\/v2\/users\/1"}],"replies":[{"embeddable":true,"href":"https:\/\/underground.bzh\/index.php\/wp-json\/wp\/v2\/comments?post=9344"}],"version-history":[{"count":34,"href":"https:\/\/underground.bzh\/index.php\/wp-json\/wp\/v2\/pages\/9344\/revisions"}],"predecessor-version":[{"id":9543,"href":"https:\/\/underground.bzh\/index.php\/wp-json\/wp\/v2\/pages\/9344\/revisions\/9543"}],"wp:attachment":[{"href":"https:\/\/underground.bzh\/index.php\/wp-json\/wp\/v2\/media?parent=9344"}],"curies":[{"name":"wp","href":"https:\/\/api.w.org\/{rel}","templated":true}]}}