{"id":9423,"date":"2024-04-01T22:52:02","date_gmt":"2024-04-01T20:52:02","guid":{"rendered":"https:\/\/underground.bzh\/?page_id=9423"},"modified":"2024-04-22T10:57:42","modified_gmt":"2024-04-22T08:57:42","slug":"hippoh","status":"publish","type":"page","link":"https:\/\/underground.bzh\/index.php\/hippoh\/","title":{"rendered":"Hippoh"},"content":{"rendered":"\t\t<div data-elementor-type=\"wp-page\" data-elementor-id=\"9423\" class=\"elementor elementor-9423\">\n\t\t\t\t\t\t<section class=\"elementor-section elementor-top-section elementor-element elementor-element-af84573 elementor-section-full_width elementor-section-height-default elementor-section-height-default qodef-elementor-content-no\" data-id=\"af84573\" data-element_type=\"section\" data-e-type=\"section\">\n\t\t\t\t\t\t<div class=\"elementor-container elementor-column-gap-default\">\n\t\t\t\t\t<div class=\"elementor-column elementor-col-100 elementor-top-column elementor-element elementor-element-ba3f1dc\" data-id=\"ba3f1dc\" data-element_type=\"column\" data-e-type=\"column\">\n\t\t\t<div class=\"elementor-widget-wrap elementor-element-populated\">\n\t\t\t\t\t\t<div class=\"elementor-element elementor-element-f747436 elementor-widget elementor-widget-micdrop_core_section_title\" data-id=\"f747436\" data-element_type=\"widget\" data-e-type=\"widget\" data-widget_type=\"micdrop_core_section_title.default\">\n\t\t\t\t<div class=\"elementor-widget-container\">\n\t\t\t\t\t<div class=\"qodef-shortcode qodef-m  qodef-section-title qodef-alignment--left   qodef-title-border-bottom\">\n\t\t\t<h1 class=\"qodef-m-title\" >\n\t\t\t\t\tHIPPOH\t\t\t<\/h1>\n\t\t<p class=\"qodef-m-text\" >COLLECTIF \/ M\u00c9DIA\n<\/p>\n\t\t<div class=\"qodef-m-button\" >\n\t\t\t\t\t\t\t\t\t\t\t\t\t\t\t<\/div>\n<\/div>\n\t\t\t\t<\/div>\n\t\t\t\t<\/div>\n\t\t\t\t<section class=\"elementor-section elementor-inner-section elementor-element elementor-element-6029920 elementor-section-full_width elementor-section-height-default elementor-section-height-default qodef-elementor-content-no\" data-id=\"6029920\" data-element_type=\"section\" data-e-type=\"section\">\n\t\t\t\t\t\t<div class=\"elementor-container elementor-column-gap-default\">\n\t\t\t\t\t<div class=\"elementor-column elementor-col-33 elementor-inner-column elementor-element elementor-element-839be68\" data-id=\"839be68\" data-element_type=\"column\" data-e-type=\"column\">\n\t\t\t<div class=\"elementor-widget-wrap elementor-element-populated\">\n\t\t\t\t\t\t<div class=\"elementor-element elementor-element-a831acf elementor-widget elementor-widget-image\" data-id=\"a831acf\" data-element_type=\"widget\" data-e-type=\"widget\" data-widget_type=\"image.default\">\n\t\t\t\t<div class=\"elementor-widget-container\">\n\t\t\t\t\t\t\t\t\t\t\t\t<figure class=\"wp-caption\">\n\t\t\t\t\t\t\t\t\t\t<img fetchpriority=\"high\" decoding=\"async\" width=\"600\" height=\"869\" src=\"https:\/\/underground.bzh\/wp-content\/uploads\/2024\/04\/HIPPOH_credit-moovan-dance-1.webp\" class=\"attachment-micdrop_core_image_size_portrait size-micdrop_core_image_size_portrait wp-image-10124\" alt=\"Portrait de l&#039;artiste Jimmy Yudat\" srcset=\"https:\/\/underground.bzh\/wp-content\/uploads\/2024\/04\/HIPPOH_credit-moovan-dance-1.webp 600w, https:\/\/underground.bzh\/wp-content\/uploads\/2024\/04\/HIPPOH_credit-moovan-dance-1-207x300.webp 207w\" sizes=\"(max-width: 600px) 100vw, 600px\" \/>\t\t\t\t\t\t\t\t\t\t\t<figcaption class=\"widget-image-caption wp-caption-text\">\u00a9 Moovan Dance<\/figcaption>\n\t\t\t\t\t\t\t\t\t\t<\/figure>\n\t\t\t\t\t\t\t\t\t<\/div>\n\t\t\t\t<\/div>\n\t\t\t\t<div class=\"elementor-element elementor-element-d4acb90 elementor-widget-divider--view-line elementor-widget elementor-widget-divider\" data-id=\"d4acb90\" data-element_type=\"widget\" data-e-type=\"widget\" data-widget_type=\"divider.default\">\n\t\t\t\t<div class=\"elementor-widget-container\">\n\t\t\t\t\t\t\t<div class=\"elementor-divider\">\n\t\t\t<span class=\"elementor-divider-separator\">\n\t\t\t\t\t\t<\/span>\n\t\t<\/div>\n\t\t\t\t\t\t<\/div>\n\t\t\t\t<\/div>\n\t\t\t\t<div class=\"elementor-element elementor-element-c24191d elementor-widget elementor-widget-micdrop_core_events_list\" data-id=\"c24191d\" data-element_type=\"widget\" data-e-type=\"widget\" data-widget_type=\"micdrop_core_events_list.default\">\n\t\t\t\t<div class=\"elementor-widget-container\">\n\t\t\t\t\t<div class=\"qodef-shortcode qodef-m  qodef-events-list qodef-item-layout--calendar qodef-top-info-title-tag--h5   qodef-top-info--yes qodef-grid qodef-layout--columns    qodef-item-layout--calendar qodef--no-bottom-space qodef-pagination--off qodef-responsive--predefined\" data-options=\"{&quot;plugin&quot;:&quot;micdrop_core&quot;,&quot;module&quot;:&quot;post-types\\\/events\\\/shortcodes&quot;,&quot;shortcode&quot;:&quot;events-list&quot;,&quot;post_type&quot;:&quot;event-item&quot;,&quot;next_page&quot;:&quot;2&quot;,&quot;max_pages_num&quot;:1,&quot;row_reverse&quot;:&quot;no&quot;,&quot;posts_per_page&quot;:&quot;1&quot;,&quot;orderby&quot;:&quot;ID&quot;,&quot;additional_params&quot;:&quot;id&quot;,&quot;post_ids&quot;:&quot;8554&quot;,&quot;layout&quot;:&quot;calendar&quot;,&quot;title_tag&quot;:&quot;span&quot;,&quot;pagination_type&quot;:&quot;no-pagination&quot;,&quot;show_top_info&quot;:&quot;yes&quot;,&quot;top_info_title&quot;:&quot;22 juin 2024&quot;,&quot;top_info_title_tag&quot;:&quot;h5&quot;,&quot;top_info_link_text&quot;:&quot;Show All&quot;,&quot;object_class_name&quot;:&quot;MicdropCore_Events_List_Shortcode&quot;,&quot;behavior&quot;:&quot;columns&quot;,&quot;additional_query_args&quot;:{&quot;orderby&quot;:&quot;post__in&quot;,&quot;post__in&quot;:[&quot;8554&quot;]},&quot;item_classes&quot;:&quot;qodef-e qodef-grid-item&quot;}\" >\n\t\t<div class=\"qodef-m-top-info\">\n\t\t\t\t\t<h5 itemprop=\"name\" class=\"qodef-e-title entry-title\">\n\t\t\t22 juin 2024\t\t\t<\/h5>\n\t\t\n\t\t\t<\/div>\n\t\t<div class=\"qodef-grid-inner clear\">\n\t\t<div class=\"qodef-e qodef-grid-item\">\n\t<div class=\"qodef-e-inner\">\n\t\t<div class=\"qodef-e-heading\">\n\t\t\t<span itemprop=\"name\" class=\"qodef-e-title entry-title\" >\n\t<a itemprop=\"url\" class=\"qodef-e-title-link\" href=\"https:\/\/underground.bzh\/index.php\/event-item\/hippoh-dance-club\/\">\n\t\tHIPPOH DANCE CLUB\t<\/a>\n<\/span>\n\t\t<\/div>\n\t\t\t<div class=\"qodef-e-stage-time\">\n\t\t\t\t\t<span class=\"qodef-e-stage\">\n\t\t\t\tCCN, St-Melaine\t\t\t<\/span>\n\t\t\t\t\t\t\t<span class=\"qodef-e-time\">\n\t\t\t\t21:00\t\t\t<\/span>\n\t\t\t<\/div>\n\t<\/div>\n<\/div>\n\t<\/div>\n\t<\/div>\n\t\t\t\t<\/div>\n\t\t\t\t<\/div>\n\t\t\t\t<div class=\"elementor-element elementor-element-7248d38 elementor-shape-square elementor-grid-2 e-grid-align-center elementor-widget elementor-widget-social-icons\" data-id=\"7248d38\" data-element_type=\"widget\" data-e-type=\"widget\" data-widget_type=\"social-icons.default\">\n\t\t\t\t<div class=\"elementor-widget-container\">\n\t\t\t\t\t\t\t<div class=\"elementor-social-icons-wrapper elementor-grid\">\n\t\t\t\t\t\t\t<span class=\"elementor-grid-item\">\n\t\t\t\t\t<a class=\"elementor-icon elementor-social-icon elementor-social-icon-instagram elementor-repeater-item-20758ea\" href=\"https:\/\/www.instagram.com\/hippoh.mag\/\" target=\"_blank\">\n\t\t\t\t\t\t<span class=\"elementor-screen-only\">Instagram<\/span>\n\t\t\t\t\t\t<svg aria-hidden=\"true\" class=\"e-font-icon-svg e-fab-instagram\" viewBox=\"0 0 448 512\" xmlns=\"http:\/\/www.w3.org\/2000\/svg\"><path d=\"M224.1 141c-63.6 0-114.9 51.3-114.9 114.9s51.3 114.9 114.9 114.9S339 319.5 339 255.9 287.7 141 224.1 141zm0 189.6c-41.1 0-74.7-33.5-74.7-74.7s33.5-74.7 74.7-74.7 74.7 33.5 74.7 74.7-33.6 74.7-74.7 74.7zm146.4-194.3c0 14.9-12 26.8-26.8 26.8-14.9 0-26.8-12-26.8-26.8s12-26.8 26.8-26.8 26.8 12 26.8 26.8zm76.1 27.2c-1.7-35.9-9.9-67.7-36.2-93.9-26.2-26.2-58-34.4-93.9-36.2-37-2.1-147.9-2.1-184.9 0-35.8 1.7-67.6 9.9-93.9 36.1s-34.4 58-36.2 93.9c-2.1 37-2.1 147.9 0 184.9 1.7 35.9 9.9 67.7 36.2 93.9s58 34.4 93.9 36.2c37 2.1 147.9 2.1 184.9 0 35.9-1.7 67.7-9.9 93.9-36.2 26.2-26.2 34.4-58 36.2-93.9 2.1-37 2.1-147.8 0-184.8zM398.8 388c-7.8 19.6-22.9 34.7-42.6 42.6-29.5 11.7-99.5 9-132.1 9s-102.7 2.6-132.1-9c-19.6-7.8-34.7-22.9-42.6-42.6-11.7-29.5-9-99.5-9-132.1s-2.6-102.7 9-132.1c7.8-19.6 22.9-34.7 42.6-42.6 29.5-11.7 99.5-9 132.1-9s102.7-2.6 132.1 9c19.6 7.8 34.7 22.9 42.6 42.6 11.7 29.5 9 99.5 9 132.1s2.7 102.7-9 132.1z\"><\/path><\/svg>\t\t\t\t\t<\/a>\n\t\t\t\t<\/span>\n\t\t\t\t\t<\/div>\n\t\t\t\t\t\t<\/div>\n\t\t\t\t<\/div>\n\t\t\t\t\t<\/div>\n\t\t<\/div>\n\t\t\t\t<div class=\"elementor-column elementor-col-66 elementor-inner-column elementor-element elementor-element-e612657\" data-id=\"e612657\" data-element_type=\"column\" data-e-type=\"column\" data-settings=\"{&quot;background_background&quot;:&quot;classic&quot;}\">\n\t\t\t<div class=\"elementor-widget-wrap elementor-element-populated\">\n\t\t\t\t\t\t<div class=\"elementor-element elementor-element-d028113 elementor-widget-divider--view-line elementor-widget elementor-widget-divider\" data-id=\"d028113\" data-element_type=\"widget\" data-e-type=\"widget\" data-widget_type=\"divider.default\">\n\t\t\t\t<div class=\"elementor-widget-container\">\n\t\t\t\t\t\t\t<div class=\"elementor-divider\">\n\t\t\t<span class=\"elementor-divider-separator\">\n\t\t\t\t\t\t<\/span>\n\t\t<\/div>\n\t\t\t\t\t\t<\/div>\n\t\t\t\t<\/div>\n\t\t\t\t<div class=\"elementor-element elementor-element-3776f4a elementor-widget elementor-widget-text-editor\" data-id=\"3776f4a\" data-element_type=\"widget\" data-e-type=\"widget\" data-widget_type=\"text-editor.default\">\n\t\t\t\t<div class=\"elementor-widget-container\">\n\t\t\t\t\t\t\t\t\t<p class=\"cgHgbA WvQL9w Xp24Nw PanoWQ\"><span class=\"OYPEnA\">HippoH s\u2019impose aujourd\u2019hui comme une r\u00e9f\u00e9rence dans la street culture pour tous.tes les amateur.ices et passionn\u00e9.es de danse, du \/ de la professionnel.le au \/ \u00e0 la simple curieux.se.<\/span><\/p><p class=\"cgHgbA WvQL9w Xp24Nw\"><span class=\"OYPEnA\">Sur cette \u00e9vidence, la volont\u00e9 de cr\u00e9er un espace de rencontre et de promotion pour tous les acteur.ices de la danse conduit HippoH \u00e0 r\u00e9inventer ses espaces d\u2019expression, allant toujours plus loin dans la proposition d\u2019exp\u00e9rience artistique.<\/span><\/p><p><strong>L&rsquo;histoire d&rsquo;HippoH<\/strong><\/p><p><span class=\"OYPEnA\">HippoH, c\u2019est une envie de valoriser ce qui ne l\u2019est pas, porter aux yeux de tous la valeur qu\u2019on ne per\u00e7oit pas<\/span><span class=\"OYPEnA\">.<\/span><\/p><div><div class=\"DF_utQ _0xkaeQ\"><div class=\"aF9o6Q _0yZ6Qg\"><div class=\"AdBbhQ hGbcYA _7rUwsA\" lang=\"fr-FR\"><p class=\"cgHgbA WvQL9w Xp24Nw PanoWQ\"><span class=\"OYPEnA\"> Il y a plusieurs ann\u00e9es, Jimmy Yudat perd sa grand-m\u00e8re. Cet \u00e9v\u00e9nement lui fit prendre conscience que cette femme qu\u2019il admirait tant, qui l\u2019a soutenu toutes ces ann\u00e9es et repr\u00e9sentait un rep\u00e8re pour lui, finalement, il ne la connaissait pas vraiment.<\/span><\/p><p class=\"cgHgbA WvQL9w Xp24Nw\"><span class=\"OYPEnA\">Ce constat, il le projeta sur la communaut\u00e9 de la danse : <\/span><span class=\"OYPEnA\">les danseur.ses, on les voit partout, dans les concerts, les clips, les r\u00e9seaux sociaux, les films etc. Mais personne ne les conna\u00eet vraiment.<\/span><\/p><p class=\"cgHgbA WvQL9w Xp24Nw PanoWQ\"><span class=\"OYPEnA\">HippoH vient apporter de la lumi\u00e8re sur la danse, projeter au monde ce que sont r\u00e9ellement les danseurs et cette communaut\u00e9 artistique. En hommage \u00e0 sa grand-m\u00e8re, il donna au m\u00e9dia son pr\u00e9nom : HIPPOH.<\/span><\/p><p class=\"cgHgbA WvQL9w Xp24Nw\"><span class=\"OYPEnA\">Cr\u00e9\u00e9 en 2020 durant le confinement, par Jimmy Yudat avec Lumi et Noun, les d\u00e9buts du m\u00e9dia visaient \u00e0 rapprocher la communaut\u00e9 des danseur.ses pendant ce moment difficile, avec des podcasts. L&rsquo;engouement de la communaut\u00e9 pour un m\u00e9dia par des danseur.ses pour des danseur.ses a \u00e9t\u00e9 tel que ce dernier s&rsquo;est d\u00e9velopp\u00e9 jusqu&rsquo;\u00e0 devenir une r\u00e9f\u00e9rence dans le milieu. <\/span><span class=\"OYPEnA\">En effet, HippoH est le 1er m\u00e9dia qui traite r\u00e9ellement de ce sujet en France.<\/span><\/p><p class=\"cgHgbA WvQL9w Xp24Nw\"><span class=\"OYPEnA\">Initialement, le m\u00e9dia se concentrait sur la culture et la danse hip hop. Aujourd\u2019hui, on s\u2019ouvre davantage \u00e0 d\u2019autres cultures, d\u2019autres styles de danses, pour qu\u2019il y ait plus de personnes qui se reconnaissent dans le m\u00e9dia.<\/span><\/p><p class=\"cgHgbA WvQL9w Xp24Nw\"><span class=\"OYPEnA\">Nous avons aussi \u00e0 c\u0153ur de toucher le grand public pour sensibiliser et valoriser cet art, en cr\u00e9ant un espace d&rsquo;expression pour les danseurs. HippoH a r\u00e9ussi \u00e0 f\u00e9d\u00e9rer une communaut\u00e9 aussi sur ses \u00e9v\u00e9nements : soir\u00e9es, conf\u00e9rences, vid\u00e9os, show etc. Notamment son \u00e9v\u00e9nement phare mensuel : le HippoH Dance Club.<\/span><\/p><\/div><\/div><\/div><\/div><p><strong>Le fondateur<\/strong><\/p><p class=\"cgHgbA WvQL9w Xp24Nw PanoWQ\"><span class=\"OYPEnA\">Jimmy Yudat est un danseur professionnel mondialement reconnu dans le hip hop. V\u00e9ritable amoureux de la culture, il a imagin\u00e9 HippoH pour r\u00e9pondre \u00e0 une probl\u00e9matique souvent v\u00e9cue : \u201con voit les danseurs, mais est-ce qu\u2019on les conna\u00eet vraiment ?\u201d<\/span><\/p><p class=\"cgHgbA WvQL9w Xp24Nw\"><span class=\"OYPEnA\">Aujourd\u2019hui, Jimmy compte dans son \u00e9quipe 5 membres actifs et une dizaine de b\u00e9n\u00e9voles qui soutiennent le projet en mettant leurs comp\u00e9tences \u00e0 disposition.<\/span><\/p><p>\u00a0<\/p>\t\t\t\t\t\t\t\t<\/div>\n\t\t\t\t<\/div>\n\t\t\t\t<div class=\"elementor-element elementor-element-addbbdc elementor-widget-divider--view-line elementor-widget elementor-widget-divider\" data-id=\"addbbdc\" data-element_type=\"widget\" data-e-type=\"widget\" data-widget_type=\"divider.default\">\n\t\t\t\t<div class=\"elementor-widget-container\">\n\t\t\t\t\t\t\t<div class=\"elementor-divider\">\n\t\t\t<span class=\"elementor-divider-separator\">\n\t\t\t\t\t\t<\/span>\n\t\t<\/div>\n\t\t\t\t\t\t<\/div>\n\t\t\t\t<\/div>\n\t\t\t\t<div class=\"elementor-element elementor-element-af3cff3 elementor-widget elementor-widget-spacer\" data-id=\"af3cff3\" data-element_type=\"widget\" data-e-type=\"widget\" data-widget_type=\"spacer.default\">\n\t\t\t\t<div class=\"elementor-widget-container\">\n\t\t\t\t\t\t\t<div class=\"elementor-spacer\">\n\t\t\t<div class=\"elementor-spacer-inner\"><\/div>\n\t\t<\/div>\n\t\t\t\t\t\t<\/div>\n\t\t\t\t<\/div>\n\t\t\t\t\t<\/div>\n\t\t<\/div>\n\t\t\t\t\t<\/div>\n\t\t<\/section>\n\t\t\t\t<div class=\"elementor-element elementor-element-74be26f elementor-widget elementor-widget-spacer\" data-id=\"74be26f\" data-element_type=\"widget\" data-e-type=\"widget\" data-widget_type=\"spacer.default\">\n\t\t\t\t<div class=\"elementor-widget-container\">\n\t\t\t\t\t\t\t<div class=\"elementor-spacer\">\n\t\t\t<div class=\"elementor-spacer-inner\"><\/div>\n\t\t<\/div>\n\t\t\t\t\t\t<\/div>\n\t\t\t\t<\/div>\n\t\t\t\t\t<\/div>\n\t\t<\/div>\n\t\t\t\t\t<\/div>\n\t\t<\/section>\n\t\t\t\t<\/div>\n\t\t","protected":false},"excerpt":{"rendered":"<p>HIPPOH COLLECTIF \/ M\u00c9DIA \u00a9 Moovan Dance 22 juin 2024 HIPPOH DANCE CLUB CCN, St-Melaine 21:00 Instagram HippoH s\u2019impose aujourd\u2019hui comme une r\u00e9f\u00e9rence dans la street culture pour tous.tes les amateur.ices et passionn\u00e9.es de danse, du \/ de la professionnel.le au \/ \u00e0 la simple curieux.se. Sur cette \u00e9vidence, la volont\u00e9 de cr\u00e9er un espace [&hellip;]<\/p>\n","protected":false},"author":1,"featured_media":0,"parent":0,"menu_order":0,"comment_status":"closed","ping_status":"closed","template":"page-full-width.php","meta":{"footnotes":""},"class_list":["post-9423","page","type-page","status-publish","hentry"],"_links":{"self":[{"href":"https:\/\/underground.bzh\/index.php\/wp-json\/wp\/v2\/pages\/9423","targetHints":{"allow":["GET"]}}],"collection":[{"href":"https:\/\/underground.bzh\/index.php\/wp-json\/wp\/v2\/pages"}],"about":[{"href":"https:\/\/underground.bzh\/index.php\/wp-json\/wp\/v2\/types\/page"}],"author":[{"embeddable":true,"href":"https:\/\/underground.bzh\/index.php\/wp-json\/wp\/v2\/users\/1"}],"replies":[{"embeddable":true,"href":"https:\/\/underground.bzh\/index.php\/wp-json\/wp\/v2\/comments?post=9423"}],"version-history":[{"count":19,"href":"https:\/\/underground.bzh\/index.php\/wp-json\/wp\/v2\/pages\/9423\/revisions"}],"predecessor-version":[{"id":11562,"href":"https:\/\/underground.bzh\/index.php\/wp-json\/wp\/v2\/pages\/9423\/revisions\/11562"}],"wp:attachment":[{"href":"https:\/\/underground.bzh\/index.php\/wp-json\/wp\/v2\/media?parent=9423"}],"curies":[{"name":"wp","href":"https:\/\/api.w.org\/{rel}","templated":true}]}}